{"id":1018,"date":"2024-11-20T18:52:09","date_gmt":"2024-11-20T18:52:09","guid":{"rendered":"https:\/\/www.tadelakt-art-deco.web-linecreator.fr\/?page_id=1018"},"modified":"2025-08-25T12:07:14","modified_gmt":"2025-08-25T10:07:14","slug":"a-propos","status":"publish","type":"page","link":"https:\/\/www.innova-thermic.com\/Old\/a-propos\/","title":{"rendered":"\u00c0 propos"},"content":{"rendered":"\n\n  <div class=\"banner has-hover bg-zoom-long\" id=\"banner-1415018282\">\n          <div class=\"banner-inner fill\">\n        <div class=\"banner-bg fill\" >\n            <img loading=\"lazy\" decoding=\"async\" width=\"1020\" height=\"680\" src=\"https:\/\/www.innova-thermic.com\/Old\/wp-content\/uploads\/2025\/06\/image-12-1-1024x683.png\" class=\"bg attachment-large size-large\" alt=\"\" title=\"\">                        <div class=\"overlay\"><\/div>            \n                    <\/div>\n\t\t\n        <div class=\"banner-layers container\">\n            <div class=\"fill banner-link\"><\/div>            \n\n   <div id=\"text-box-1430683847\" class=\"text-box banner-layer x50 md-x50 lg-x50 y50 md-y50 lg-y50 res-text\">\n                     <div data-animate=\"fadeInUp\">           <div class=\"text-box-content text dark\">\n              \n              <div class=\"text-inner text-center\">\n                  \n\n<h2 class=\"uppercase\" style=\"text-align: center;\"><span style=\"font-size: 80%;\"><strong>Innova Thermic \u2013 Votre Bureau d\u2019\u00c9tudes Thermiques &amp; Environnementales en Hauts-de-France<\/strong><\/span><\/h2>\n<p>\u00a0<\/p>\n<p>\u00a0<\/p>\n\n              <\/div>\n           <\/div>\n       <\/div>                     \n<style>\n#text-box-1430683847 {\n  width: 98%;\n}\n#text-box-1430683847 .text-box-content {\n  font-size: 100%;\n}\n@media (min-width:550px) {\n  #text-box-1430683847 {\n    width: 100%;\n  }\n}\n<\/style>\n    <\/div>\n \n\n        <\/div>\n      <\/div>\n\n            \n<style>\n#banner-1415018282 {\n  padding-top: 500px;\n}\n#banner-1415018282 .overlay {\n  background-color: rgba(0,0,0,.5);\n}\n<\/style>\n  <\/div>\n\n\n\n\t<section class=\"section\" id=\"section_1259883827\">\n\t\t<div class=\"section-bg fill\" >\n\t\t\t\t\t\t\t\t\t\n\t\t\t\n\n\t\t<\/div>\n\n\t\t\n\n\t\t<div class=\"section-content relative\">\n\t\t\t\n\n<div class=\"row\"  id=\"row-1209458160\">\n\n\n\t<div id=\"col-1088932652\" class=\"col small-12 large-12\"  >\n\t\t\t\t<div class=\"col-inner\" style=\"background-color:rgb(255,255,255);\" >\n\t\t\t\n\t\t\t\n\n<div class=\"text-center\"><div class=\"is-divider divider clearfix\" style=\"margin-top:10px;margin-bottom:10px;background-color:rgba(0, 0, 0, 0.16);\"><\/div><\/div>\n\n<div class=\"row align-center\"  id=\"row-1803283820\">\n\n\n\t<div id=\"col-750988244\" class=\"col medium-9 small-10 large-7\"  data-animate=\"fadeInRight\">\n\t\t\t\t<div class=\"col-inner text-center box-shadow-4 box-shadow-1-hover\"  >\n\t\t\t\n\t\t\t\n\n\t<div id=\"text-4088787187\" class=\"text\">\n\t\t\n\n<h1 style=\"text-align: left;\"><strong><span style=\"color: #7fbb27;\">\u00c0 propos d\u2019Innova Thermic<\/span><\/strong><\/h1>\n<p data-start=\"142\" data-end=\"572\"><strong data-start=\"142\" data-end=\"160\">Innova Thermic<\/strong>, bureau d\u2019\u00e9tudes bas\u00e9 \u00e0 <strong data-start=\"185\" data-end=\"206\">Villeneuve-d\u2019Ascq<\/strong>, est sp\u00e9cialis\u00e9 dans la <strong data-start=\"231\" data-end=\"292\">performance \u00e9nerg\u00e9tique et environnementale des b\u00e2timents<\/strong> en r\u00e9gion <strong data-start=\"303\" data-end=\"322\">Hauts-de-France<\/strong>.<br data-start=\"323\" data-end=\"326\" \/>Nous accompagnons <strong data-start=\"344\" data-end=\"360\">particuliers<\/strong>, <strong data-start=\"362\" data-end=\"392\">professionnels du b\u00e2timent<\/strong>, <strong data-start=\"394\" data-end=\"409\">architectes<\/strong>, <strong data-start=\"411\" data-end=\"430\">ma\u00eetres d\u2019\u0153uvre<\/strong> et <strong data-start=\"434\" data-end=\"455\">bailleurs sociaux<\/strong> dans leurs projets de <strong data-start=\"478\" data-end=\"499\">conformit\u00e9 RE2020<\/strong>, <strong data-start=\"501\" data-end=\"529\">optimisation \u00e9nerg\u00e9tique<\/strong> ou <strong data-start=\"533\" data-end=\"571\">r\u00e9duction d\u2019impact environnemental<\/strong>.<\/p>\n<p data-start=\"574\" data-end=\"751\">Notre mission : garantir l\u2019efficacit\u00e9 \u00e9nerg\u00e9tique de vos b\u00e2timents tout en respectant les derni\u00e8res r\u00e9glementations et en vous proposant des <strong data-start=\"715\" data-end=\"750\">solutions techniques sur mesure<\/strong>.<\/p>\n<h1 style=\"text-align: left;\"><strong><span style=\"color: #7fbb27;\">Nos expertises :<\/span><\/strong><\/h1>\n<ul>\n<li data-start=\"784\" data-end=\"901\"><strong data-start=\"784\" data-end=\"821\">\u00c9tudes thermiques RE2020 &amp; RT2012<\/strong> : pour assurer la conformit\u00e9 r\u00e9glementaire et am\u00e9liorer la performance globale.<\/li>\n<li data-start=\"784\" data-end=\"901\"><strong data-start=\"904\" data-end=\"951\">Diagnostic de performance \u00e9nerg\u00e9tique (DPE)<\/strong> : \u00e9valuer et am\u00e9liorer la classe \u00e9nerg\u00e9tique de vos biens immobiliers.<\/li>\n<li data-start=\"784\" data-end=\"901\"><strong data-start=\"1025\" data-end=\"1048\">Audits \u00e9nerg\u00e9tiques<\/strong> : identifier les leviers d\u2019\u00e9conomies d\u2019\u00e9nergie dans les projets de r\u00e9novation.<\/li>\n<li data-start=\"784\" data-end=\"901\"><strong data-start=\"1130\" data-end=\"1164\">\u00c9tudes environnementales &amp; ACV<\/strong> : analyser l\u2019impact carbone de vos constructions et proposer des alternatives \u00e9coresponsables.<\/li>\n<\/ul>\n\t\t\n<style>\n#text-4088787187 {\n  text-align: left;\n  color: rgba(0, 0, 0, 0.622);\n}\n#text-4088787187 > * {\n  color: rgba(0, 0, 0, 0.622);\n}\n<\/style>\n\t<\/div>\n\t\n\n\t\t<\/div>\n\t\t\t\t\n<style>\n#col-750988244 > .col-inner {\n  padding: 33px 30px 30px 30px;\n  margin: 20px 0px 20px 0px;\n  border-radius: 25px;\n}\n<\/style>\n\t<\/div>\n\n\t\n\n<\/div>\n<div class=\"row align-center\"  id=\"row-711552203\">\n\n\n\t<div id=\"col-2002416597\" class=\"col medium-11 small-12 large-10\"  >\n\t\t\t\t<div class=\"col-inner\"  >\n\t\t\t\n\t\t\t\n\n\n  <div class=\"banner has-hover has-parallax\" id=\"banner-1163885769\">\n          <div class=\"banner-inner fill\">\n        <div class=\"banner-bg fill\" data-parallax=\"-6\" data-parallax-container=\".banner\" data-parallax-background>\n            <img loading=\"lazy\" decoding=\"async\" width=\"1020\" height=\"680\" src=\"https:\/\/www.innova-thermic.com\/Old\/wp-content\/uploads\/2024\/12\/auditeur-energetique-1536x1025-1-1024x683.jpg\" class=\"bg attachment-large size-large\" alt=\"\" title=\"\">                                    \n                    <\/div>\n\t\t\n        <div class=\"banner-layers container\">\n            <div class=\"fill banner-link\"><\/div>            \n\n   <div id=\"text-box-1252858114\" class=\"text-box banner-layer x50 md-x50 lg-x50 y50 md-y50 lg-y50 res-text\">\n                                <div class=\"text-box-content text dark\">\n              \n              <div class=\"text-inner text-center\">\n                  \n\n\n              <\/div>\n           <\/div>\n                            \n<style>\n#text-box-1252858114 {\n  width: 60%;\n}\n#text-box-1252858114 .text-box-content {\n  font-size: 100%;\n}\n@media (min-width:550px) {\n  #text-box-1252858114 {\n    width: 60%;\n  }\n}\n<\/style>\n    <\/div>\n \n\n        <\/div>\n      <\/div>\n\n            \n<style>\n#banner-1163885769 {\n  padding-top: 300px;\n}\n#banner-1163885769 .banner-bg img {\n  object-position: 100% 0%;\n}\n@media (min-width:850px) {\n  #banner-1163885769 {\n    padding-top: 500px;\n  }\n}\n<\/style>\n  <\/div>\n\n\n\n\t\t<\/div>\n\t\t\t\t\n<style>\n#col-2002416597 > .col-inner {\n  margin: 0px 0px -160px 0px;\n}\n<\/style>\n\t<\/div>\n\n\t\n\n<\/div>\n\n\t\t<\/div>\n\t\t\t\t\n<style>\n#col-1088932652 > .col-inner {\n  padding: 50px 0px 0px 0px;\n  margin: -70px 0px 0px 0px;\n}\n<\/style>\n\t<\/div>\n\n\t\n\n<\/div>\n\n\t\t<\/div>\n\n\t\t\n<style>\n#section_1259883827 {\n  padding-top: 30px;\n  padding-bottom: 30px;\n}\n<\/style>\n\t<\/section>\n\t\n\n\t<section class=\"section\" id=\"section_321319601\">\n\t\t<div class=\"section-bg fill\" >\n\t\t\t\t\t\t\t\t\t\n\t\t\t\n\n\t\t<\/div>\n\n\t\t\n\n\t\t<div class=\"section-content relative\">\n\t\t\t\n\n<div class=\"row align-center\"  id=\"row-817641363\">\n\n\n\t<div id=\"col-1925430545\" class=\"col medium-11 small-12 large-10\"  data-animate=\"fadeInUp\">\n\t\t\t\t<div class=\"col-inner box-shadow-4 box-shadow-1-hover\"  >\n\t\t\t\n\t\t\t\n\n<h1><span style=\"color: #7fbb27;\"><strong>Nos services : un accompagnement global et personnalis\u00e9<\/strong><\/span><\/h1>\n<p data-start=\"165\" data-end=\"310\">Nous intervenons \u00e0 chaque \u00e9tape de vos projets pour garantir la <strong data-start=\"229\" data-end=\"256\">performance \u00e9nerg\u00e9tique<\/strong> et <strong data-start=\"260\" data-end=\"291\">la conformit\u00e9 r\u00e9glementaire<\/strong> de vos b\u00e2timents :<\/p>\n<ul>\n<li data-start=\"314\" data-end=\"472\"><strong data-start=\"314\" data-end=\"374\">\u00c9tudes thermiques et environnementales (RE2020 \/ RT2012)<\/strong> : garantissent la conformit\u00e9 aux normes actuelles tout en optimisant la consommation \u00e9nerg\u00e9tique.<\/li>\n<li data-start=\"314\" data-end=\"472\"><strong data-start=\"475\" data-end=\"498\">Audits \u00e9nerg\u00e9tiques<\/strong> : identifient les d\u00e9perditions et proposent des axes d\u2019am\u00e9lioration clairs et chiffr\u00e9s.<\/li>\n<li data-start=\"314\" data-end=\"472\"><strong data-start=\"589\" data-end=\"636\">DPE \u2013 diagnostic de performance \u00e9nerg\u00e9tique<\/strong> : un aper\u00e7u fiable de l\u2019efficacit\u00e9 \u00e9nerg\u00e9tique de vos biens pour la vente, la location ou la r\u00e9novation.<\/li>\n<li data-start=\"314\" data-end=\"472\"><strong data-start=\"744\" data-end=\"769\">Test d\u2019infiltrom\u00e9trie<\/strong> : mesure de l\u2019\u00e9tanch\u00e9it\u00e9 \u00e0 l\u2019air, r\u00e9alis\u00e9e par des partenaires certifi\u00e9s, indispensable pour les projets RE2020.<\/li>\n<\/ul>\n<h1><span style=\"color: #7fbb27;\"><strong>Nos valeurs : au c\u0153ur de chaque mission<\/strong><\/span><\/h1>\n<p><strong data-start=\"939\" data-end=\"965\">1.Expertise &amp; Innovation<\/strong><br data-start=\"965\" data-end=\"968\" \/>Nos \u00e9tudes s\u2019appuient sur des logiciels de simulation thermique de derni\u00e8re g\u00e9n\u00e9ration et des m\u00e9thodes certifi\u00e9es, pour des r\u00e9sultats fiables et concrets.<\/p>\n<p data-start=\"1128\" data-end=\"1316\"><strong data-start=\"1128\" data-end=\"1158\">2.Proximit\u00e9 &amp; Accompagnement<\/strong><br data-start=\"1158\" data-end=\"1161\" \/>Implant\u00e9s dans les <strong data-start=\"1182\" data-end=\"1201\">Hauts-de-France<\/strong>, nous privil\u00e9gions une relation de confiance et de proximit\u00e9. Chaque client b\u00e9n\u00e9ficie d\u2019un <strong data-start=\"1293\" data-end=\"1315\">suivi personnalis\u00e9<\/strong>.<\/p>\n<p data-start=\"1320\" data-end=\"1523\"><strong data-start=\"1320\" data-end=\"1350\">3.Engagement environnemental<\/strong><br data-start=\"1350\" data-end=\"1353\" \/>Nous croyons en une <strong data-start=\"1375\" data-end=\"1409\">transition \u00e9nerg\u00e9tique durable<\/strong>. Nos solutions contribuent \u00e0 b\u00e2tir un cadre de vie confortable, performant et <strong data-start=\"1488\" data-end=\"1522\">respectueux de l\u2019environnement<\/strong>.<\/p>\n<p data-pm-slice=\"1 1 &#091;&#093;\">Chez Innova Thermic, nous faisons plus que des \u00e9tudes techniques : nous accompagnons les projets avec rigueur, \u00e9thique et ambition environnementale.<\/p>\n<p data-pm-slice=\"1 1 &#091;&#093;\">Faites confiance \u00e0 une \u00e9quipe locale, engag\u00e9e pour vos \u00e9conomies d\u2019\u00e9nergie, votre confort et la plan\u00e8te.<\/p>\n\n\t\t<\/div>\n\t\t\t\t\n<style>\n#col-1925430545 > .col-inner {\n  padding: 20px 20px 20px 20px;\n  border-radius: 26px;\n}\n<\/style>\n\t<\/div>\n\n\t\n\n\n<style>\n#row-817641363 > .col > .col-inner {\n  padding: 50px 0px 20px 0px;\n}\n@media (min-width:550px) {\n  #row-817641363 > .col > .col-inner {\n    padding: 100px 20px 50px 20px;\n  }\n}\n<\/style>\n<\/div>\n<div class=\"row align-center\"  id=\"row-1887483321\">\n\n\n\t<div id=\"col-360257735\" class=\"col medium-11 small-12 large-10\"  >\n\t\t\t\t<div class=\"col-inner\"  >\n\t\t\t\n\t\t\t\n\n<div class=\"row row-large align-middle\"  id=\"row-424828059\">\n\n\n\t<div id=\"col-177885976\" class=\"col medium-8 small-12 large-6\"  >\n\t\t\t\t<div class=\"col-inner box-shadow-3 box-shadow-1-hover\"  >\n\t\t\t\n\t\t\t\n\n\t<div id=\"text-2822775848\" class=\"text\">\n\t\t\n\n<h2><span style=\"color: #7fbb27;\">Notre localisation<\/span><\/h2>\n<p data-start=\"132\" data-end=\"219\"><strong data-start=\"132\" data-end=\"150\">Innova Thermic<\/strong> est implant\u00e9 au c\u0153ur des <strong data-start=\"176\" data-end=\"195\">Hauts-de-France<\/strong>, \u00e0 proximit\u00e9 de Lille :<\/p>\n<p data-start=\"221\" data-end=\"277\"><strong data-start=\"224\" data-end=\"277\">Adresse :<\/strong> <a href=\"https:\/\/maps.app.goo.gl\/Ux2Bmy5XXghig3Tr5\" target=\"_blank\" rel=\"noopener\"><strong data-start=\"224\" data-end=\"277\">2 rue de l\u2019\u00c9pine, 59650 Villeneuve-d\u2019Ascq, France<\/strong><\/a><\/p>\n<h5><strong data-start=\"383\" data-end=\"416\">Contactez nous d\u00e8s maintenant<\/strong> !<\/h5>\n<h5>Ensemble, construisons des solutions durables, <b>\u00e9co performantes<\/b>\u00a0et <strong data-start=\"490\" data-end=\"526\">respectueuses de l\u2019environnement<\/strong>.<\/h5>\n\t\t\n<style>\n#text-2822775848 {\n  color: rgb(0,0,0);\n}\n#text-2822775848 > * {\n  color: rgb(0,0,0);\n}\n<\/style>\n\t<\/div>\n\t\n\n\t\t<\/div>\n\t\t\t\t\n<style>\n#col-177885976 > .col-inner {\n  padding: 20px 20px 20px 20px;\n  border-radius: 26px;\n}\n<\/style>\n\t<\/div>\n\n\t\n\n\t<div id=\"col-1621651977\" class=\"col medium-4 small-12 large-6 medium-col-first\"  >\n\t\t\t\t<div class=\"col-inner\"  >\n\t\t\t\n\t\t\t\n\n\n  <div class=\"banner has-hover\" id=\"banner-1521381127\">\n          <div class=\"banner-inner fill\">\n        <div class=\"banner-bg fill\" >\n            <img loading=\"lazy\" decoding=\"async\" width=\"763\" height=\"377\" src=\"https:\/\/www.innova-thermic.com\/Old\/wp-content\/uploads\/2024\/12\/Capture-decran-2024-12-18-181856.png\" class=\"bg attachment-large size-large\" alt=\"\" title=\"\">                                    \n                    <\/div>\n\t\t\n        <div class=\"banner-layers container\">\n            <div class=\"fill banner-link\"><\/div>            \n\n   <div id=\"text-box-1442098790\" class=\"text-box banner-layer x50 md-x50 lg-x50 y50 md-y50 lg-y50 res-text\">\n                                <div class=\"text-box-content text dark\">\n              \n              <div class=\"text-inner text-center\">\n                  \n\n\n              <\/div>\n           <\/div>\n                            \n<style>\n#text-box-1442098790 {\n  width: 60%;\n}\n#text-box-1442098790 .text-box-content {\n  font-size: 100%;\n}\n@media (min-width:550px) {\n  #text-box-1442098790 {\n    width: 60%;\n  }\n}\n<\/style>\n    <\/div>\n \n\n        <\/div>\n      <\/div>\n\n            \n<style>\n#banner-1521381127 {\n  padding-top: 300px;\n}\n#banner-1521381127 .banner-bg img {\n  object-position: 27% 47%;\n}\n@media (min-width:550px) {\n  #banner-1521381127 {\n    padding-top: 56.25%;\n  }\n}\n<\/style>\n  <\/div>\n\n\n\n\t\t<\/div>\n\t\t\t\t\t<\/div>\n\n\t\n\n<\/div>\n\n\t\t<\/div>\n\t\t\t\t\t<\/div>\n\n\t\n\n<\/div>\n\n\t\t<\/div>\n\n\t\t\n<style>\n#section_321319601 {\n  padding-top: 80px;\n  padding-bottom: 80px;\n  background-color: rgb(255,255,255);\n}\n<\/style>\n\t<\/section>\n\t\n\n","protected":false},"excerpt":{"rendered":"","protected":false},"author":1,"featured_media":0,"parent":0,"menu_order":0,"comment_status":"closed","ping_status":"closed","template":"","meta":{"_acf_changed":false,"footnotes":""},"class_list":["post-1018","page","type-page","status-publish","hentry"],"acf":[],"jetpack_sharing_enabled":true,"_links":{"self":[{"href":"https:\/\/www.innova-thermic.com\/Old\/wp-json\/wp\/v2\/pages\/1018","targetHints":{"allow":["GET"]}}],"collection":[{"href":"https:\/\/www.innova-thermic.com\/Old\/wp-json\/wp\/v2\/pages"}],"about":[{"href":"https:\/\/www.innova-thermic.com\/Old\/wp-json\/wp\/v2\/types\/page"}],"author":[{"embeddable":true,"href":"https:\/\/www.innova-thermic.com\/Old\/wp-json\/wp\/v2\/users\/1"}],"replies":[{"embeddable":true,"href":"https:\/\/www.innova-thermic.com\/Old\/wp-json\/wp\/v2\/comments?post=1018"}],"version-history":[{"count":0,"href":"https:\/\/www.innova-thermic.com\/Old\/wp-json\/wp\/v2\/pages\/1018\/revisions"}],"wp:attachment":[{"href":"https:\/\/www.innova-thermic.com\/Old\/wp-json\/wp\/v2\/media?parent=1018"}],"curies":[{"name":"wp","href":"https:\/\/api.w.org\/{rel}","templated":true}]}}