{"id":1074,"date":"2024-11-20T21:01:40","date_gmt":"2024-11-20T21:01:40","guid":{"rendered":"https:\/\/www.tadelakt-art-deco.web-linecreator.fr\/?page_id=1074"},"modified":"2025-06-20T14:11:53","modified_gmt":"2025-06-20T12:11:53","slug":"test-dinfiltrometrie","status":"publish","type":"page","link":"https:\/\/www.innova-thermic.com\/Old\/test-dinfiltrometrie\/","title":{"rendered":"Test d\u2019infiltrom\u00e9trie"},"content":{"rendered":"\n\n  <div class=\"banner has-hover bg-zoom-long has-parallax\" id=\"banner-276317765\">\n          <div class=\"banner-inner fill\">\n        <div class=\"banner-bg fill\" data-parallax=\"-8\" data-parallax-container=\".banner\" data-parallax-background>\n            <img loading=\"lazy\" decoding=\"async\" width=\"1536\" height=\"1024\" src=\"https:\/\/www.innova-thermic.com\/Old\/wp-content\/uploads\/2025\/06\/image-11-1.png\" class=\"bg attachment-original size-original\" alt=\"\" title=\"\">                        <div class=\"overlay\"><\/div>            \n                    <\/div>\n\t\t\n        <div class=\"banner-layers container\">\n            <div class=\"fill banner-link\"><\/div>            \n\n   <div id=\"text-box-1195765085\" class=\"text-box banner-layer x50 md-x50 lg-x50 y25 md-y15 lg-y15 res-text\">\n                     <div data-animate=\"fadeInUp\">           <div class=\"text-box-content text dark\">\n              \n              <div class=\"text-inner text-center\">\n                  \n\n\t<div id=\"text-655762458\" class=\"text\">\n\t\t\n\n<h1 class=\"elementor-heading-title elementor-size-default\" style=\"text-align: center;\"><span style=\"font-size: 75%;\">Test d\u2019infiltrom\u00e9trie RE2020 \u2013 v\u00e9rifiez l\u2019\u00e9tanch\u00e9it\u00e9 \u00e0 l\u2019air de votre b\u00e2timent<\/span><\/h1>\n\t\t\n<style>\n#text-655762458 {\n  font-size: 0.75rem;\n  text-align: center;\n}\n@media (min-width:550px) {\n  #text-655762458 {\n    font-size: 1rem;\n  }\n}\n<\/style>\n\t<\/div>\n\t\n\n              <\/div>\n           <\/div>\n       <\/div>                     \n<style>\n#text-box-1195765085 {\n  width: 100%;\n}\n#text-box-1195765085 .text-box-content {\n  font-size: 100%;\n}\n@media (min-width:550px) {\n  #text-box-1195765085 {\n    width: 100%;\n  }\n}\n<\/style>\n    <\/div>\n \n   <div id=\"text-box-1447543898\" class=\"text-box banner-layer x50 md-x50 lg-x50 y70 md-y70 lg-y70 res-text\">\n                     <div data-animate=\"none\">           <div class=\"text-box-content text dark\">\n              \n              <div class=\"text-inner text-center\">\n                  \n\n\t<div id=\"text-3730663477\" class=\"text\">\n\t\t\n\n<div class=\"elementor-element elementor-element-7ab5468 elementor-widget elementor-widget-text-editor\" data-id=\"7ab5468\" data-element_type=\"widget\" data-widget_type=\"text-editor.default\">\n<div class=\"elementor-widget-container\">\n<p>D\u00e9tectez les fuites d\u2019air parasites et am\u00e9liorez la performance \u00e9nerg\u00e9tique de votre maison ou local.<br \/>\nObligatoire pour la conformit\u00e9 RE2020, ce test permet de garantir un b\u00e2timent sain, durable et \u00e9conome.\n<\/p><\/div>\n<\/div>\n\t\t\n<style>\n#text-3730663477 {\n  font-size: 1rem;\n  line-height: 1.35;\n  text-align: center;\n}\n@media (min-width:550px) {\n  #text-3730663477 {\n    font-size: 1.35rem;\n  }\n}\n<\/style>\n\t<\/div>\n\t\n\n              <\/div>\n           <\/div>\n       <\/div>                     \n<style>\n#text-box-1447543898 {\n  width: 100%;\n}\n#text-box-1447543898 .text-box-content {\n  font-size: 100%;\n}\n@media (min-width:550px) {\n  #text-box-1447543898 {\n    width: 100%;\n  }\n}\n<\/style>\n    <\/div>\n \n   <div id=\"text-box-1473991287\" class=\"text-box banner-layer x50 md-x50 lg-x50 y80 md-y85 lg-y85 res-text\">\n                                <div class=\"text-box-content text dark\">\n              \n              <div class=\"text-inner text-center\">\n                  \n\n<a href=\"https:\/\/www.innova-thermic.com\/contact\/\" class=\"button success is-shade expand\"  style=\"border-radius:5px;padding:10px 0px 10px 0px;\">\n\t\t<span>OBTENIR UN DEVIS POUR LE TEST D'\u00c9TANCH\u00c9IT\u00c9<\/span>\n\t<\/a>\n\n\n\n              <\/div>\n           <\/div>\n                            \n<style>\n#text-box-1473991287 {\n  width: 53%;\n}\n#text-box-1473991287 .text-box-content {\n  font-size: 100%;\n}\n@media (min-width:550px) {\n  #text-box-1473991287 {\n    width: 43%;\n  }\n}\n<\/style>\n    <\/div>\n \n\n        <\/div>\n      <\/div>\n\n            \n<style>\n#banner-276317765 {\n  padding-top: 500px;\n  background-color: #0b1c2e;\n}\n#banner-276317765 .overlay {\n  background-color: rgba(0, 0, 0, 0.378);\n}\n#banner-276317765 .banner-bg img {\n  object-position: 64% 80%;\n}\n<\/style>\n  <\/div>\n\n\n\n\t<section class=\"section\" id=\"section_2123009469\">\n\t\t<div class=\"section-bg fill\" >\n\t\t\t\t\t\t\t\t\t\n\t\t\t\n\n\t\t<\/div>\n\n\t\t\n\n\t\t<div class=\"section-content relative\">\n\t\t\t\n\n<div class=\"row align-middle\"  id=\"row-961814608\">\n\n\n\t<div id=\"col-545029998\" class=\"col medium-6 small-12 large-6\"  >\n\t\t\t\t<div class=\"col-inner\"  >\n\t\t\t\n\t\t\t\n\n<h1><span style=\"color: #7fbb27;\"><strong>Pourquoi r\u00e9aliser un test d\u2019infiltrom\u00e9trie pour votre projet RE2020 ?<\/strong><\/span><\/h1>\n<p>\u00a0<\/p>\n<blockquote>\n<p>Le test d\u2019infiltrom\u00e9trie, ou test d\u2019\u00e9tanch\u00e9it\u00e9 \u00e0 l\u2019air, est indispensable pour v\u00e9rifier la perm\u00e9abilit\u00e9 \u00e0 l\u2019air d\u2019un b\u00e2timent.<br \/>Il permet de localiser les fuites d\u2019air non ma\u00eetris\u00e9es, de limiter les d\u00e9perditions thermiques et d\u2019assurer une isolation performante.<br \/>Ce diagnostic est obligatoire pour la conformit\u00e9 RE2020 et contribue \u00e0 g\u00e9n\u00e9rer des \u00e9conomies d\u2019\u00e9nergie durables et un meilleur confort thermique.<\/p>\n<\/blockquote>\n\n\t\t<\/div>\n\t\t\t\t\t<\/div>\n\n\t\n\n\t<div id=\"col-1510154362\" class=\"col medium-6 small-12 large-6\"  >\n\t\t\t\t<div class=\"col-inner\"  >\n\t\t\t\n\t\t\t\n\n\t<div class=\"img has-hover x md-x lg-x y md-y lg-y\" id=\"image_2032786609\">\n\t\t\t\t\t\t\t\t<div class=\"img-inner dark\" >\n\t\t\t\t\t\t\t\t\t\n\t\t\t\t\t<\/div>\n\t\t\t\t\t\t\t\t\n<style>\n#image_2032786609 {\n  width: 100%;\n}\n<\/style>\n\t<\/div>\n\t\n\n\n\t\t<\/div>\n\t\t\t\t\t<\/div>\n\n\t\n\n<\/div>\n\n\t\t<\/div>\n\n\t\t\n<style>\n#section_2123009469 {\n  padding-top: 30px;\n  padding-bottom: 30px;\n}\n<\/style>\n\t<\/section>\n\t\n\n\t<section class=\"section\" id=\"section_1356158860\">\n\t\t<div class=\"section-bg fill\" >\n\t\t\t\t\t\t\t\t\t\n\t\t\t\n\n\t\t<\/div>\n\n\t\t\n\n\t\t<div class=\"section-content relative\">\n\t\t\t\n\n<div class=\"row align-equal\" style=\"max-width:\" id=\"row-300552343\">\n\n\n\t<div id=\"col-914605050\" class=\"col medium-4 small-12 large-4\"  >\n\t\t\t\t<div class=\"col-inner box-shadow-4 box-shadow-1-hover\" style=\"background-color:rgb(255,255,255);\" >\n\t\t\t\n\t\t\t\n\n<h2><span style=\"color: #7fbb27;\"><strong>Pourquoi r\u00e9aliser un test d&rsquo;infiltrom\u00e9trie ?<\/strong><\/span><\/h2>\n<p>\u2981 Obligation r\u00e9glementaire RE2020: <a href=\"https:\/\/legifrance.gouv.fr\/jorf\/id\/JORFTEXT000043936431\" target=\"_blank\" rel=\"noopener\">article 19 de l\u2019arr\u00eat\u00e9 du 04 ao\u00fbt 2021-<\/a><\/p>\n<p>\u2981 D\u00e9tection des fuites d\u2019air parasites dans l\u2019enveloppe du b\u00e2timent.<\/p>\n<p>\u2981 R\u00e9duction des pertes \u00e9nerg\u00e9tiques et des factures de chauffage.<\/p>\n<p>\u2981 Am\u00e9lioration du confort thermique et acoustique.<\/p>\n\n\t\t<\/div>\n\t\t\t\t\n<style>\n#col-914605050 > .col-inner {\n  padding: 20px 20px 20px 20px;\n  border-radius: 29px;\n}\n<\/style>\n\t<\/div>\n\n\t\n\n\t<div id=\"col-501798060\" class=\"col medium-4 small-12 large-4\"  >\n\t\t\t\t<div class=\"col-inner box-shadow-4 box-shadow-1-hover\" style=\"background-color:rgb(255,255,255);\" >\n\t\t\t\n\t\t\t\n\n<h2><span style=\"color: #7fbb27;\"><strong>Qui peut b\u00e9n\u00e9ficier d&rsquo;un test d&rsquo;infiltrom\u00e9trie ?<\/strong><\/span><\/h2>\n<ul>\n<li>Maisons individuelles.<\/li>\n<li>Immeubles collectifs.<\/li>\n<li>Locaux commerciaux.<\/li>\n<li>Tout projet soumis \u00e0 la RE2020<\/li>\n<\/ul>\n\n\t\t<\/div>\n\t\t\t\t\n<style>\n#col-501798060 > .col-inner {\n  padding: 20px 20px 20px 20px;\n  border-radius: 29px;\n}\n<\/style>\n\t<\/div>\n\n\t\n\n\t<div id=\"col-296638390\" class=\"col medium-4 small-12 large-4\"  >\n\t\t\t\t<div class=\"col-inner box-shadow-4 box-shadow-1-hover\" style=\"background-color:rgb(255,255,255);\" >\n\t\t\t\n\t\t\t\n\n<h2><span style=\"color: #7fbb27;\"><strong>Faites appel \u00e0 nos experts en infiltrom\u00e9trie<\/strong><\/span><\/h2>\n<blockquote>\n<p>Chez Innova Thermic, nous r\u00e9alisons des tests d\u2019infiltrom\u00e9trie certifi\u00e9s avec du mat\u00e9riel haute pr\u00e9cision (Blower Door).<br \/>\nNos techniciens interviennent rapidement sur site pour garantir une conformit\u00e9 RE2020 et une \u00e9tanch\u00e9it\u00e9 optimale de votre b\u00e2timent.\u00a0<\/p>\n<\/blockquote>\n\n\t\t<\/div>\n\t\t\t\t\n<style>\n#col-296638390 > .col-inner {\n  padding: 20px 20px 20px 20px;\n  border-radius: 29px;\n}\n<\/style>\n\t<\/div>\n\n\t\n\n<\/div>\n\n\t\t<\/div>\n\n\t\t\n<style>\n#section_1356158860 {\n  padding-top: 30px;\n  padding-bottom: 30px;\n}\n<\/style>\n\t<\/section>\n\t\n\n\t<section class=\"section\" id=\"section_108957480\">\n\t\t<div class=\"section-bg fill\" >\n\t\t\t<img loading=\"lazy\" decoding=\"async\" width=\"1536\" height=\"1024\" src=\"https:\/\/www.innova-thermic.com\/Old\/wp-content\/uploads\/2025\/06\/image-7-1.png\" class=\"bg attachment- size-\" alt=\"\" title=\"\">\t\t\t\t\t\t\n\t\t\t\n\n\t\t<\/div>\n\n\t\t\t<div class=\"ux-shape-divider ux-shape-divider--top ux-shape-divider--style-arrow\">\n\t\t<svg viewBox=\"0 0 1000 100\" xmlns=\"http:\/\/www.w3.org\/2000\/svg\" preserveAspectRatio=\"none\">\n\t<path class=\"ux-shape-fill\" d=\"M1000 100H0L0 96H483L500 79L517 96H1000V100Z\"\/>\n<\/svg>\n\t<\/div>\n\n\n\t\t<div class=\"section-content relative\">\n\t\t\t\n\n<div class=\"row align-center\"  id=\"row-250112081\">\n\n\n\t<div id=\"col-1665352840\" class=\"col medium-9 small-12 large-10\"  >\n\t\t\t\t<div class=\"col-inner text-center\" style=\"background-color:rgb(255, 255, 255);\" >\n\t\t\t\n\t\t\t\n\n<div class=\"gdlr-core-title-item-title-wrap \">\n<h2 class=\"gdlr-core-title-item-title gdlr-core-skin-title \" style=\"text-align: center;\"><span style=\"color: #7fbb27;\">Besoin d\u2019un test d\u2019infiltrom\u00e9trie pour votre projet RE2020 ?<\/span><\/h2>\n<\/div>\n<p>Remplissez notre formulaire en ligne et recevez rapidement un devis personnalis\u00e9 pour le test d\u2019\u00e9tanch\u00e9it\u00e9 \u00e0 l\u2019air de votre b\u00e2timent.<\/p>\n<div class=\"is-divider divider clearfix\" style=\"margin-top:0.4em;margin-bottom:0.4em;max-width:100%;height:1px;\"><\/div>\n\n<a href=\"https:\/\/www.innova-thermic.com\/contact\/\" class=\"button success expand\" style=\"border-radius:5px;padding:10px 0px 10px 0px;\">\n\t\t<span>OBTENIR MON DEVIS INFILTROM\u00c9TRIE<\/span>\n\t<\/a>\n\n\n\n\t\t<\/div>\n\t\t\t\t\n<style>\n#col-1665352840 > .col-inner {\n  padding: 8% 8% 4% 8%;\n  border-radius: 30px;\n}\n@media (min-width:550px) {\n  #col-1665352840 > .col-inner {\n    padding: 10% 10% 5% 10%;\n  }\n}\n<\/style>\n\t<\/div>\n\n\t\n\n<\/div>\n\n\t\t<\/div>\n\n\t\t\n<style>\n#section_108957480 {\n  padding-top: 30px;\n  padding-bottom: 30px;\n  min-height: 500px;\n}\n#section_108957480 .section-bg img {\n  object-position: 49% 46%;\n}\n#section_108957480 .ux-shape-divider--top svg {\n  height: 150px;\n  --divider-top-width: 149%;\n}\n@media (min-width:550px) {\n  #section_108957480 {\n    min-height: 50px;\n  }\n}\n<\/style>\n\t<\/section>\n\t\n\n","protected":false},"excerpt":{"rendered":"","protected":false},"author":1,"featured_media":0,"parent":0,"menu_order":0,"comment_status":"closed","ping_status":"closed","template":"","meta":{"_acf_changed":false,"footnotes":""},"class_list":["post-1074","page","type-page","status-publish","hentry"],"acf":[],"jetpack_sharing_enabled":true,"_links":{"self":[{"href":"https:\/\/www.innova-thermic.com\/Old\/wp-json\/wp\/v2\/pages\/1074","targetHints":{"allow":["GET"]}}],"collection":[{"href":"https:\/\/www.innova-thermic.com\/Old\/wp-json\/wp\/v2\/pages"}],"about":[{"href":"https:\/\/www.innova-thermic.com\/Old\/wp-json\/wp\/v2\/types\/page"}],"author":[{"embeddable":true,"href":"https:\/\/www.innova-thermic.com\/Old\/wp-json\/wp\/v2\/users\/1"}],"replies":[{"embeddable":true,"href":"https:\/\/www.innova-thermic.com\/Old\/wp-json\/wp\/v2\/comments?post=1074"}],"version-history":[{"count":0,"href":"https:\/\/www.innova-thermic.com\/Old\/wp-json\/wp\/v2\/pages\/1074\/revisions"}],"wp:attachment":[{"href":"https:\/\/www.innova-thermic.com\/Old\/wp-json\/wp\/v2\/media?parent=1074"}],"curies":[{"name":"wp","href":"https:\/\/api.w.org\/{rel}","templated":true}]}}