{"id":42,"date":"2024-10-10T23:18:10","date_gmt":"2024-10-10T23:18:10","guid":{"rendered":"http:\/\/thermic-solutions.local\/?page_id=42"},"modified":"2025-09-12T10:29:01","modified_gmt":"2025-09-12T08:29:01","slug":"diagnostics-de-performance-energetiques","status":"publish","type":"page","link":"https:\/\/www.innova-thermic.com\/Old\/diagnostics-de-performance-energetiques\/","title":{"rendered":"Diagnostics \u00e9n\u00e9rg\u00e9tiques (DPE)"},"content":{"rendered":"\n\n  <div class=\"banner has-hover bg-zoom-long has-parallax\" id=\"banner-1581764029\">\n          <div class=\"banner-inner fill\">\n        <div class=\"banner-bg fill\" data-parallax=\"-8\" data-parallax-container=\".banner\" data-parallax-background>\n            <img loading=\"lazy\" decoding=\"async\" width=\"1536\" height=\"1024\" src=\"https:\/\/www.innova-thermic.com\/Old\/wp-content\/uploads\/2025\/06\/image-7-1.png\" class=\"bg attachment-original size-original\" alt=\"\" title=\"\">                        <div class=\"overlay\"><\/div>            \n                    <\/div>\n\t\t\n        <div class=\"banner-layers container\">\n            <div class=\"fill banner-link\"><\/div>            \n\n   <div id=\"text-box-2035516628\" class=\"text-box banner-layer x50 md-x50 lg-x50 y20 md-y100 lg-y100 res-text\">\n                     <div data-animate=\"fadeInUp\">           <div class=\"text-box-content text dark\">\n              \n              <div class=\"text-inner text-center\">\n                  \n\n\t<div id=\"text-2809222932\" class=\"text\">\n\t\t\n\n<h1 style=\"text-align: center;\">Diagnostics de performance \u00e9nerg\u00e9tiques (DPE)<\/h1>\n<h1 class=\"elementor-heading-title elementor-size-default\" style=\"text-align: center;\"><span style=\"font-size: 75%;\">Optimisez l&rsquo;efficacit\u00e9 \u00e9nerg\u00e9tique de votre logement avec notre nouveau DPE.<\/span><\/h1>\n\t\t\n<style>\n#text-2809222932 {\n  font-size: 0.75rem;\n  line-height: 1.5;\n  text-align: center;\n}\n@media (min-width:550px) {\n  #text-2809222932 {\n    font-size: 1rem;\n  }\n}\n<\/style>\n\t<\/div>\n\t\n\t<div id=\"text-1307486256\" class=\"text\">\n\t\t\n\n<div class=\"elementor-element elementor-element-7ab5468 elementor-widget elementor-widget-text-editor\" data-id=\"7ab5468\" data-element_type=\"widget\" data-widget_type=\"text-editor.default\">\n<div class=\"elementor-widget-container\">\n<p>D\u00e9couvrez vos performances \u00e9nerg\u00e9tiques et r\u00e9duisez vos d\u00e9penses avec nos experts certifi\u00e9s.<\/p>\n<\/div>\n<\/div>\n\t\t\n<style>\n#text-1307486256 {\n  font-size: 1rem;\n  line-height: 1.35;\n  text-align: center;\n}\n@media (min-width:550px) {\n  #text-1307486256 {\n    font-size: 1.5rem;\n  }\n}\n<\/style>\n\t<\/div>\n\t\n<a href=\"https:\/\/www.innova-thermic.com\/contact\/\" class=\"button success expand\"  style=\"border-radius:5px;padding:10px 0px 10px 0px;\">\n\t\t<span>Realiser mon devis DPE<\/span>\n\t<\/a>\n\n\n\n              <\/div>\n           <\/div>\n       <\/div>                     \n<style>\n#text-box-2035516628 {\n  width: 100%;\n}\n#text-box-2035516628 .text-box-content {\n  font-size: 100%;\n}\n@media (min-width:550px) {\n  #text-box-2035516628 {\n    width: 100%;\n  }\n}\n<\/style>\n    <\/div>\n \n\n        <\/div>\n      <\/div>\n\n            \n<style>\n#banner-1581764029 {\n  padding-top: 500px;\n  background-color: #0b1c2e;\n}\n#banner-1581764029 .overlay {\n  background-color: rgba(0, 0, 0, 0.5);\n}\n#banner-1581764029 .banner-bg img {\n  object-position: 51% 91%;\n}\n<\/style>\n  <\/div>\n\n\n\n\t<section class=\"section\" id=\"section_1814165344\">\n\t\t<div class=\"section-bg fill\" >\n\t\t\t\t\t\t\t\t\t<div class=\"section-bg-overlay absolute fill\"><\/div>\n\t\t\t\n\n\t\t<\/div>\n\n\t\t\n\n\t\t<div class=\"section-content relative\">\n\t\t\t\n\n<div class=\"row align-middle\"  id=\"row-167334146\">\n\n\n\t<div id=\"col-1454214643\" class=\"col medium-6 small-12 large-6\"  data-animate=\"fadeInUp\">\n\t\t\t\t<div class=\"col-inner text-left box-shadow-4 box-shadow-1-hover\"  >\n\t\t\t\n\t\t\t\n\n<h1>Diagnostic de Performance \u00c9nerg\u00e9tique (DPE)<\/h1>\n<h4><em><strong>Comprendre votre consommation \u00e9nerg\u00e9tique<\/strong><\/em><\/h4>\n<h5>Le Diagnostic de Performance \u00c9nerg\u00e9tique (DPE) est un outil essentiel pour \u00e9valuer la consommation d&rsquo;\u00e9nergie et l&rsquo;impact environnemental de votre logement.<\/h5>\n<h5>\u00a0<\/h5>\n<h5>Obligatoire pour les transactions immobili\u00e8res, il aide \u00e0 identifier les am\u00e9liorations possibles pour r\u00e9duire vos d\u00e9penses \u00e9nerg\u00e9tiques et votre empreinte carbone.<\/h5>\n\n\t\t<\/div>\n\t\t\t\t\n<style>\n#col-1454214643 > .col-inner {\n  padding: 20px 20px 20px 20px;\n  border-radius: 32px;\n}\n<\/style>\n\t<\/div>\n\n\t\n\n\t<div id=\"col-744835349\" class=\"col medium-4 small-12 large-4\"  >\n\t\t\t\t<div class=\"col-inner\"  >\n\t\t\t\n\t\t\t\n\n\t<div class=\"img has-hover x md-x lg-x y md-y lg-y\" id=\"image_1627647638\">\n\t\t\t\t\t\t\t\t<div class=\"img-inner dark\" >\n\t\t\t<img loading=\"lazy\" decoding=\"async\" width=\"683\" height=\"1024\" src=\"https:\/\/www.innova-thermic.com\/Old\/wp-content\/uploads\/2025\/09\/423ed2e2-47d2-404b-b1d9-436b79fc58d1-683x1024.png\" class=\"attachment-large size-large\" alt=\"\" srcset=\"https:\/\/www.innova-thermic.com\/Old\/wp-content\/uploads\/2025\/09\/423ed2e2-47d2-404b-b1d9-436b79fc58d1-683x1024.png 683w, https:\/\/www.innova-thermic.com\/Old\/wp-content\/uploads\/2025\/09\/423ed2e2-47d2-404b-b1d9-436b79fc58d1-200x300.png 200w, https:\/\/www.innova-thermic.com\/Old\/wp-content\/uploads\/2025\/09\/423ed2e2-47d2-404b-b1d9-436b79fc58d1-768x1152.png 768w, https:\/\/www.innova-thermic.com\/Old\/wp-content\/uploads\/2025\/09\/423ed2e2-47d2-404b-b1d9-436b79fc58d1-510x765.png 510w, https:\/\/www.innova-thermic.com\/Old\/wp-content\/uploads\/2025\/09\/423ed2e2-47d2-404b-b1d9-436b79fc58d1.png 1024w\" sizes=\"auto, (max-width: 683px) 100vw, 683px\" title=\"\">\t\t\t\t\t\t\n\t\t\t\t\t<\/div>\n\t\t\t\t\t\t\t\t\n<style>\n#image_1627647638 {\n  width: 100%;\n}\n<\/style>\n\t<\/div>\n\t\n\n\n\t\t<\/div>\n\t\t\t\t\t<\/div>\n\n\t\n\n<\/div>\n\n\t\t<\/div>\n\n\t\t\n<style>\n#section_1814165344 {\n  padding-top: 60px;\n  padding-bottom: 60px;\n  background-color: rgb(255,255,255);\n}\n#section_1814165344 .section-bg-overlay {\n  background-color: rgba(255, 255, 255, 0.85);\n}\n<\/style>\n\t<\/section>\n\t\n\n\t<section class=\"section\" id=\"section_1075986311\">\n\t\t<div class=\"section-bg fill\" >\n\t\t\t\t\t\t\t\t\t<div class=\"section-bg-overlay absolute fill\"><\/div>\n\t\t\t\n\n\t\t<\/div>\n\n\t\t\n\n\t\t<div class=\"section-content relative\">\n\t\t\t\n\n<div class=\"row row-large align-middle\"  id=\"row-1546944726\">\n\n\n\t<div id=\"col-1990875887\" class=\"col medium-6 small-12 large-6\"  >\n\t\t\t\t<div class=\"col-inner\"  >\n\t\t\t\n\t\t\t\n\n\t<div class=\"img has-hover x md-x lg-x y md-y lg-y\" id=\"image_107768805\">\n\t\t\t\t\t\t\t\t<div class=\"img-inner dark\" >\n\t\t\t<img loading=\"lazy\" decoding=\"async\" width=\"683\" height=\"1024\" src=\"https:\/\/www.innova-thermic.com\/Old\/wp-content\/uploads\/2025\/09\/DPE-1-683x1024.png\" class=\"attachment-large size-large\" alt=\"\" srcset=\"https:\/\/www.innova-thermic.com\/Old\/wp-content\/uploads\/2025\/09\/DPE-1-683x1024.png 683w, https:\/\/www.innova-thermic.com\/Old\/wp-content\/uploads\/2025\/09\/DPE-1-200x300.png 200w, https:\/\/www.innova-thermic.com\/Old\/wp-content\/uploads\/2025\/09\/DPE-1-768x1152.png 768w, https:\/\/www.innova-thermic.com\/Old\/wp-content\/uploads\/2025\/09\/DPE-1-510x765.png 510w, https:\/\/www.innova-thermic.com\/Old\/wp-content\/uploads\/2025\/09\/DPE-1.png 1024w\" sizes=\"auto, (max-width: 683px) 100vw, 683px\" title=\"\">\t\t\t\t\t\t\n\t\t\t\t\t<\/div>\n\t\t\t\t\t\t\t\t\n<style>\n#image_107768805 {\n  width: 100%;\n}\n<\/style>\n\t<\/div>\n\t\n\n\n\t\t<\/div>\n\t\t\t\t\t<\/div>\n\n\t\n\n\t<div id=\"col-1496704910\" class=\"col medium-6 small-12 large-6\"  data-animate=\"fadeInRight\">\n\t\t\t\t<div class=\"col-inner text-left box-shadow-4 box-shadow-1-hover\"  >\n\t\t\t\n\t\t\t\n\n<h1>Pourquoi r\u00e9aliser un DPE en France ?<\/h1>\n<h4><strong>Un outil obligatoire et informatif<\/strong><\/h4>\n<ul>\n<li><strong>Conformit\u00e9 l\u00e9gale<\/strong> : Obligatoire lors d&rsquo;une vente ou d&rsquo;une location.<\/li>\n<li><strong>\u00c9conomies d&rsquo;\u00e9nergie<\/strong> : Identifier les travaux prioritaires.<\/li>\n<li><strong>Valorisation du bien<\/strong> : Un bon classement \u00e9nerg\u00e9tique augmente la valeur de votre bien.<\/li>\n<\/ul>\n<p>R\u00e9aliser un <strong data-start=\"134\" data-end=\"151\">DPE en France<\/strong> est devenu indispensable pour tout propri\u00e9taire souhaitant vendre, louer ou simplement optimiser la performance \u00e9nerg\u00e9tique de son logement. <strong><em>Ce diagnostic permet d\u2019\u00e9valuer la consommation d\u2019\u00e9nergie d\u2019un b\u00e2timent et son impact sur l\u2019environnement.<\/em><\/strong><\/p>\n<p>Pour les constructions r\u00e9centes, le <strong data-start=\"435\" data-end=\"447\">DPE neuf<\/strong> constitue une \u00e9tape obligatoire afin de <strong>valider la conformit\u00e9 du projet avant la livraison du bien<\/strong>. Il garantit que le logement respecte les normes \u00e9nerg\u00e9tiques actuelles, gage de confort et de valorisation immobili\u00e8re.<\/p>\n<p><br data-start=\"667\" data-end=\"670\" \/>Depuis la r\u00e9forme, la <strong data-start=\"692\" data-end=\"707\">m\u00e9thode 3CL<\/strong> est la r\u00e9f\u00e9rence officielle pour \u00e9tablir un DPE :<\/p>\n<p>Elle repose sur une analyse pr\u00e9cise des caract\u00e9ristiques :<\/p>\n<ul>\n<li>Du b\u00e2ti,<\/li>\n<li>De l\u2019isolation<\/li>\n<li>Des \u00e9quipements de chauffage<\/li>\n<li>De ventilation<\/li>\n<li>De production d\u2019eau chaude<\/li>\n<\/ul>\n<p>Un DPE fiable est donc un outil essentiel pour identifier les am\u00e9liorations possibles, r\u00e9duire vos factures \u00e9nerg\u00e9tiques et anticiper les \u00e9volutions r\u00e9glementaires.<\/p>\n<p>Avec <em>Innova Thermic<\/em>, vous b\u00e9n\u00e9ficiez d\u2019un accompagnement expert et ind\u00e9pendant.<\/p>\n\n\t\t<\/div>\n\t\t\t\t\n<style>\n#col-1496704910 > .col-inner {\n  padding: 20px 20px 20px 20px;\n  border-radius: 32px;\n}\n<\/style>\n\t<\/div>\n\n\t\n\n<\/div>\n\n\t\t<\/div>\n\n\t\t\n<style>\n#section_1075986311 {\n  padding-top: 60px;\n  padding-bottom: 60px;\n  background-color: rgb(255,255,255);\n}\n#section_1075986311 .section-bg-overlay {\n  background-color: rgba(255, 255, 255, 0.85);\n}\n<\/style>\n\t<\/section>\n\t\n\n\t<section class=\"section\" id=\"section_919601440\">\n\t\t<div class=\"section-bg fill\" >\n\t\t\t\t\t\t\t\t\t<div class=\"section-bg-overlay absolute fill\"><\/div>\n\t\t\t\n\n\t\t<\/div>\n\n\t\t\n\n\t\t<div class=\"section-content relative\">\n\t\t\t\n\n<div class=\"row row-large align-middle\"  id=\"row-1704315089\">\n\n\n\t<div id=\"col-352738709\" class=\"col medium-6 small-12 large-6\"  data-animate=\"fadeInRight\">\n\t\t\t\t<div class=\"col-inner text-left box-shadow-4 box-shadow-1-hover\"  >\n\t\t\t\n\t\t\t\n\n<h3><strong>En quoi consiste un DPE ?<\/strong><\/h3>\n<h4><strong>Les \u00e9tapes cl\u00e9s du diagnostic :<\/strong><\/h4>\n<h4>Le <strong data-start=\"136\" data-end=\"183\">Diagnostic de Performance \u00c9nerg\u00e9tique (DPE)<\/strong> est un outil essentiel pour conna\u00eetre la consommation d\u2019\u00e9nergie et l\u2019impact environnemental d\u2019un logement.<\/h4>\n<p data-start=\"294\" data-end=\"314\">Un DPE permet de :<\/p>\n<ul data-start=\"315\" data-end=\"800\">\n<li data-start=\"315\" data-end=\"505\">\n<p data-start=\"317\" data-end=\"505\">\u00c9valuer la performance \u00e9nerg\u00e9tique d\u2019un b\u00e2timent gr\u00e2ce \u00e0 la m\u00e9thode officielle <strong data-start=\"396\" data-end=\"407\">DPE 3CL<\/strong>, bas\u00e9e sur l\u2019analyse de l\u2019isolation, des syst\u00e8mes de chauffage, de ventilation et d\u2019eau chaude.<\/p>\n<\/li>\n<li data-start=\"506\" data-end=\"625\">\n<p data-start=\"508\" data-end=\"625\">V\u00e9rifier la conformit\u00e9 d\u2019une construction neuve : le <strong data-start=\"561\" data-end=\"573\">DPE neuf<\/strong> est obligatoire pour toute livraison de logement.<\/p>\n<\/li>\n<li data-start=\"626\" data-end=\"800\">\n<p data-start=\"628\" data-end=\"800\">Identifier les travaux prioritaires afin d\u2019<strong data-start=\"671\" data-end=\"698\">atteindre l\u2019\u00e9tiquette C<\/strong>, seuil aujourd\u2019hui recommand\u00e9 pour valoriser son bien et anticiper les futures obligations l\u00e9gales.<\/p>\n<\/li>\n<\/ul>\n<p data-start=\"802\" data-end=\"915\">Un DPE fiable est donc un v\u00e9ritable guide pour r\u00e9duire vos factures et augmenter la valeur de votre patrimoine.<\/p>\n\n\t\t<\/div>\n\t\t\t\t\n<style>\n#col-352738709 > .col-inner {\n  padding: 20px 20px 20px 20px;\n  border-radius: 32px;\n}\n<\/style>\n\t<\/div>\n\n\t\n\n\t<div id=\"col-67425229\" class=\"col medium-6 small-12 large-6 small-col-first\"  >\n\t\t\t\t<div class=\"col-inner\"  >\n\t\t\t\n\t\t\t\n\n\t<div class=\"img has-hover x md-x lg-x y md-y lg-y\" id=\"image_1039341457\">\n\t\t\t\t\t\t\t\t<div class=\"img-inner dark\" >\n\t\t\t<img loading=\"lazy\" decoding=\"async\" width=\"1020\" height=\"680\" src=\"https:\/\/www.innova-thermic.com\/Old\/wp-content\/uploads\/2025\/09\/dpe2-1024x683.png\" class=\"attachment-large size-large\" alt=\"\" srcset=\"https:\/\/www.innova-thermic.com\/Old\/wp-content\/uploads\/2025\/09\/dpe2-1024x683.png 1024w, https:\/\/www.innova-thermic.com\/Old\/wp-content\/uploads\/2025\/09\/dpe2-300x200.png 300w, https:\/\/www.innova-thermic.com\/Old\/wp-content\/uploads\/2025\/09\/dpe2-768x512.png 768w, https:\/\/www.innova-thermic.com\/Old\/wp-content\/uploads\/2025\/09\/dpe2-510x340.png 510w, https:\/\/www.innova-thermic.com\/Old\/wp-content\/uploads\/2025\/09\/dpe2.png 1536w\" sizes=\"auto, (max-width: 1020px) 100vw, 1020px\" title=\"\">\t\t\t\t\t\t\n\t\t\t\t\t<\/div>\n\t\t\t\t\t\t\t\t\n<style>\n#image_1039341457 {\n  width: 100%;\n}\n<\/style>\n\t<\/div>\n\t\n\n\n\t\t<\/div>\n\t\t\t\t\t<\/div>\n\n\t\n\n<\/div>\n\n\t\t<\/div>\n\n\t\t\n<style>\n#section_919601440 {\n  padding-top: 60px;\n  padding-bottom: 60px;\n  background-color: rgb(255,255,255);\n}\n#section_919601440 .section-bg-overlay {\n  background-color: rgba(255, 255, 255, 0.85);\n}\n<\/style>\n\t<\/section>\n\t\n\n\t<section class=\"section\" id=\"section_653057097\">\n\t\t<div class=\"section-bg fill\" >\n\t\t\t\t\t\t\t\t\t<div class=\"section-bg-overlay absolute fill\"><\/div>\n\t\t\t\n\n\t\t<\/div>\n\n\t\t\n\n\t\t<div class=\"section-content relative\">\n\t\t\t\n\n<div class=\"row row-full-width align-center\"  id=\"row-1114443488\">\n\n\n\t<div id=\"col-1818473021\" class=\"col medium-6 small-12 large-6\"  data-animate=\"fadeInRight\">\n\t\t\t\t<div class=\"col-inner text-center box-shadow-4 box-shadow-1-hover\"  >\n\t\t\t\n\t\t\t\n\n\t<div id=\"text-4164830199\" class=\"text\">\n\t\t\n\n<h3 style=\"text-align: center;\"><strong>Faites confiance \u00e0 <em>Innova Thermic<\/em> pour votre DPE<\/strong><\/h3>\n<h3 style=\"text-align: left;\"><strong>Nos engagements :<\/strong><\/h3>\n<h5 style=\"text-align: left;\">\u2981<span style=\"color: #000000;\"><strong> Rapidit\u00e9<\/strong><\/span>\u00a0: Rendez-vous et rapport dans les plus brefs d\u00e9lais.<br \/>\u2981<strong><span style=\"color: #000000;\"> Pr\u00e9cision\u00a0<\/span><\/strong>: Utilisation des derni\u00e8res technologies.<br \/>\u2981 <strong><span style=\"color: #000000;\">Accompagnement<\/span><\/strong>\u00a0: Conseils personnalis\u00e9s tout au long du diagnostic.\u00a0<\/h5>\n<p style=\"text-align: center;\"><em>Innova Thermic, l&rsquo;\u00e9nergie bien pens\u00e9e, pour votre confort.<\/em><\/p>\n\t\t\n<style>\n#text-4164830199 {\n  font-size: 0.95rem;\n  line-height: 1.85;\n  text-align: left;\n}\n<\/style>\n\t<\/div>\n\t\n\n\t\t<\/div>\n\t\t\t\t\n<style>\n#col-1818473021 > .col-inner {\n  padding: 20px 20px 20px 20px;\n  border-radius: 32px;\n}\n<\/style>\n\t<\/div>\n\n\t\n\n<\/div>\n\n\t\t<\/div>\n\n\t\t\n<style>\n#section_653057097 {\n  padding-top: 60px;\n  padding-bottom: 60px;\n  background-color: rgb(255,255,255);\n}\n#section_653057097 .section-bg-overlay {\n  background-color: rgba(255, 255, 255, 0.85);\n}\n<\/style>\n\t<\/section>\n\t\n\n\t<section class=\"section\" id=\"section_45700734\">\n\t\t<div class=\"section-bg fill\" >\n\t\t\t\t\t\t\t\t\t<div class=\"section-bg-overlay absolute fill\"><\/div>\n\t\t\t\n\n\t\t<\/div>\n\n\t\t\t<div class=\"ux-shape-divider ux-shape-divider--top ux-shape-divider--style-arrow\">\n\t\t<svg viewBox=\"0 0 1000 100\" xmlns=\"http:\/\/www.w3.org\/2000\/svg\" preserveAspectRatio=\"none\">\n\t<path class=\"ux-shape-fill\" d=\"M1000 100H0L0 96H483L500 79L517 96H1000V100Z\"\/>\n<\/svg>\n\t<\/div>\n\n\n\t\t<div class=\"section-content relative\">\n\t\t\t\n\n<div class=\"row align-center\"  id=\"row-1195175985\">\n\n\n\t<div id=\"col-26938942\" class=\"col medium-9 small-12 large-10\"  >\n\t\t\t\t<div class=\"col-inner text-center\" style=\"background-color:rgb(255, 255, 255);\" >\n\t\t\t\n\t\t\t\n\n<div class=\"gdlr-core-title-item-title-wrap \">\n<h2 class=\"gdlr-core-title-item-title gdlr-core-skin-title \" style=\"text-align: center;\">Int\u00e9ress\u00e9 par nos services ?<\/h2>\n<\/div>\n<p><span style=\"font-size: 100%;\">Confiez votre DPE \u00e0 <em>Innova Thermic<\/em> pour une expertise fiable et un accompagnement sur mesure. <\/span><\/p>\n<p><span style=\"font-size: 100%;\">Prenez rendez-vous d\u00e8s aujourd\u2019hui et faites un pas vers un logement plus \u00e9conome et \u00e9cologique.<\/span><\/p>\n<div class=\"is-divider divider clearfix\" style=\"margin-top:0.4em;margin-bottom:0.4em;max-width:100%;height:1px;\"><\/div>\n\n<a href=\"https:\/\/www.innova-thermic.com\/contact\/\" class=\"button success expand\"  style=\"border-radius:5px;padding:10px 0px 10px 0px;\">\n\t\t<span>CONTACT<\/span>\n\t<\/a>\n\n\n\n\t\t<\/div>\n\t\t\t\t\n<style>\n#col-26938942 > .col-inner {\n  padding: 8% 8% 4% 8%;\n  border-radius: 25px;\n}\n@media (min-width:550px) {\n  #col-26938942 > .col-inner {\n    padding: 10% 10% 5% 10%;\n  }\n}\n<\/style>\n\t<\/div>\n\n\t\n\n<\/div>\n\n\t\t<\/div>\n\n\t\t\n<style>\n#section_45700734 {\n  padding-top: 30px;\n  padding-bottom: 30px;\n  min-height: 500px;\n  background-color: rgb(150, 241, 194);\n}\n#section_45700734 .section-bg-overlay {\n  background-color: rgba(0,0,0,.5);\n}\n#section_45700734 .ux-shape-divider--top svg {\n  height: 150px;\n  --divider-top-width: 149%;\n}\n@media (min-width:550px) {\n  #section_45700734 {\n    min-height: 50px;\n  }\n}\n<\/style>\n\t<\/section>\n\t\n\n","protected":false},"excerpt":{"rendered":"","protected":false},"author":1,"featured_media":4586,"parent":0,"menu_order":0,"comment_status":"closed","ping_status":"closed","template":"","meta":{"_acf_changed":false,"footnotes":""},"class_list":["post-42","page","type-page","status-publish","has-post-thumbnail","hentry"],"acf":[],"jetpack_sharing_enabled":true,"_links":{"self":[{"href":"https:\/\/www.innova-thermic.com\/Old\/wp-json\/wp\/v2\/pages\/42","targetHints":{"allow":["GET"]}}],"collection":[{"href":"https:\/\/www.innova-thermic.com\/Old\/wp-json\/wp\/v2\/pages"}],"about":[{"href":"https:\/\/www.innova-thermic.com\/Old\/wp-json\/wp\/v2\/types\/page"}],"author":[{"embeddable":true,"href":"https:\/\/www.innova-thermic.com\/Old\/wp-json\/wp\/v2\/users\/1"}],"replies":[{"embeddable":true,"href":"https:\/\/www.innova-thermic.com\/Old\/wp-json\/wp\/v2\/comments?post=42"}],"version-history":[{"count":0,"href":"https:\/\/www.innova-thermic.com\/Old\/wp-json\/wp\/v2\/pages\/42\/revisions"}],"wp:featuredmedia":[{"embeddable":true,"href":"https:\/\/www.innova-thermic.com\/Old\/wp-json\/wp\/v2\/media\/4586"}],"wp:attachment":[{"href":"https:\/\/www.innova-thermic.com\/Old\/wp-json\/wp\/v2\/media?parent=42"}],"curies":[{"name":"wp","href":"https:\/\/api.w.org\/{rel}","templated":true}]}}