{"id":56,"date":"2024-10-10T23:21:49","date_gmt":"2024-10-10T23:21:49","guid":{"rendered":"http:\/\/thermic-solutions.local\/?page_id=56"},"modified":"2025-12-03T20:58:31","modified_gmt":"2025-12-03T19:58:31","slug":"contact","status":"publish","type":"page","link":"https:\/\/www.innova-thermic.com\/Old\/contact\/","title":{"rendered":"contact"},"content":{"rendered":"\n\n  <div class=\"banner has-hover bg-zoom-long\" id=\"banner-2089309159\">\n          <div class=\"banner-inner fill\">\n        <div class=\"banner-bg fill\" >\n            <img loading=\"lazy\" decoding=\"async\" width=\"1020\" height=\"680\" src=\"https:\/\/www.innova-thermic.com\/Old\/wp-content\/uploads\/2025\/06\/image-12-1-1024x683.png\" class=\"bg attachment-large size-large\" alt=\"\" title=\"\">                        <div class=\"overlay\"><\/div>            \n                    <\/div>\n\t\t\n        <div class=\"banner-layers container\">\n            <div class=\"fill banner-link\"><\/div>            \n\n   <div id=\"text-box-94927692\" class=\"text-box banner-layer x50 md-x50 lg-x50 y50 md-y50 lg-y50 res-text\">\n                     <div data-animate=\"fadeInUp\">           <div class=\"text-box-content text dark\">\n              \n              <div class=\"text-inner text-center\">\n                  \n\n<h1 style=\"text-align: center;\"><strong>Contactez Innova Thermic \u2013 votre bureau d\u2019\u00e9tudes thermiques et environnementales<br \/><\/strong><\/h1>\n\n              <\/div>\n           <\/div>\n       <\/div>                     \n<style>\n#text-box-94927692 {\n  width: 100%;\n}\n#text-box-94927692 .text-box-content {\n  font-size: 100%;\n}\n<\/style>\n    <\/div>\n \n\n        <\/div>\n      <\/div>\n\n            \n<style>\n#banner-2089309159 {\n  padding-top: 500px;\n}\n#banner-2089309159 .overlay {\n  background-color: rgba(0, 0, 0, 0.157);\n}\n#banner-2089309159 .banner-bg img {\n  object-position: 50% 81%;\n}\n<\/style>\n  <\/div>\n\n\n<div class=\"row\"  id=\"row-1028069319\">\n\n\n<\/div>\n\n\t<section class=\"section\" id=\"section_858395097\">\n\t\t<div class=\"section-bg fill\" >\n\t\t\t\t\t\t\t\t\t\n\t\t\t\n\n\t\t<\/div>\n\n\t\t\n\n\t\t<div class=\"section-content relative\">\n\t\t\t\n\n<div class=\"row\"  id=\"row-455237933\">\n\n\n\t<div id=\"col-2016223908\" class=\"col small-12 large-12\"  data-animate=\"fadeInUp\">\n\t\t\t\t<div class=\"col-inner box-shadow-4 box-shadow-1-hover\" style=\"background-color:rgb(255,255,255);\" >\n\t\t\t\n\t\t\t\n\n<h1><span style=\"color: #7fbb27;\"><strong>Contactez-Nous \u2013 Un accompagnement sur mesure pour vos projets<\/strong><\/span><\/h1>\n<p data-start=\"153\" data-end=\"429\">Chez <strong data-start=\"158\" data-end=\"176\">Innova Thermic<\/strong>, la satisfaction client est notre priorit\u00e9.<br data-start=\"220\" data-end=\"223\" \/>Nos experts sont \u00e0 votre disposition pour vous conseiller et r\u00e9pondre \u00e0 toutes vos questions, que vous soyez un <strong data-start=\"335\" data-end=\"350\">particulier<\/strong>, un <strong data-start=\"355\" data-end=\"369\">architecte<\/strong>, un <strong data-start=\"374\" data-end=\"392\">ma\u00eetre d\u2019\u0153uvre<\/strong> ou un <strong data-start=\"399\" data-end=\"428\">professionnel du b\u00e2timent<\/strong>.<\/p>\n<p data-start=\"431\" data-end=\"620\">Nous intervenons partout en France avec des solutions sur mesure, conformes aux normes <strong data-start=\"518\" data-end=\"528\">RE2020<\/strong>, pour vos projets de <strong data-start=\"550\" data-end=\"566\">construction<\/strong>, de <strong data-start=\"571\" data-end=\"585\">r\u00e9novation<\/strong> ou d\u2019<strong data-start=\"591\" data-end=\"619\">optimisation \u00e9nerg\u00e9tique<\/strong>.<\/p>\n<ul>\n<li data-start=\"431\" data-end=\"620\"><strong data-start=\"625\" data-end=\"652\">R\u00e9ponse rapide garantie<\/strong><\/li>\n<li data-start=\"431\" data-end=\"620\"><strong data-start=\"658\" data-end=\"687\">Bas\u00e9s \u00e0 Villeneuve-d\u2019Ascq<\/strong><\/li>\n<li data-start=\"431\" data-end=\"620\"><strong data-start=\"693\" data-end=\"719\">Devis gratuit en ligne<\/strong><\/li>\n<\/ul>\n\n\t\t<\/div>\n\t\t\t\t\n<style>\n#col-2016223908 > .col-inner {\n  padding: 33px 30px 30px 30px;\n  border-radius: 32px;\n}\n<\/style>\n\t<\/div>\n\n\t\n\n<\/div>\n\n\t\t<\/div>\n\n\t\t\n<style>\n#section_858395097 {\n  padding-top: 30px;\n  padding-bottom: 30px;\n}\n<\/style>\n\t<\/section>\n\t\n\n\t<section class=\"section\" id=\"section_432849018\">\n\t\t<div class=\"section-bg fill\" >\n\t\t\t\t\t\t\t\t\t\n\t\t\t\n\n\t\t<\/div>\n\n\t\t\t<div class=\"ux-shape-divider ux-shape-divider--top ux-shape-divider--style-tilt\">\n\t\t<svg viewBox=\"0 0 1000 100\" xmlns=\"http:\/\/www.w3.org\/2000\/svg\" preserveAspectRatio=\"none\">\n\t<path class=\"ux-shape-fill\" d=\"M1000 100V0L-40 100H1000Z\"\/>\n<\/svg>\n\t<\/div>\n\n\n\t\t<div class=\"section-content relative\">\n\t\t\t\n\n<div class=\"row align-equal row-box-shadow-3 row-box-shadow-4-hover\"  id=\"row-283168563\">\n\n\n\t<div id=\"col-1973517440\" class=\"col medium-4 small-12 large-4\"  data-animate=\"flipInY\">\n\t\t\t\t<div class=\"col-inner text-center\" style=\"background-color:rgb(255,255,255);\" >\n\t\t\t\n\t\t\t\n\n\t<div id=\"gap-2125538265\" class=\"gap-element clearfix\" style=\"display:block; height:auto;\">\n\t\t\n<style>\n#gap-2125538265 {\n  padding-top: 25px;\n}\n<\/style>\n\t<\/div>\n\t\n\n\t<div class=\"img has-hover x md-x lg-x y md-y lg-y\" id=\"image_724238232\">\n\t\t\t\t\t\t\t\t<div class=\"img-inner dark\" >\n\t\t\t\t\t\t\t\t\t\n\t\t\t\t\t<\/div>\n\t\t\t\t\t\t\t\t\n<style>\n#image_724238232 {\n  width: 23%;\n}\n@media (min-width:550px) {\n  #image_724238232 {\n    width: 15%;\n  }\n}\n@media (min-width:850px) {\n  #image_724238232 {\n    width: 23%;\n  }\n}\n<\/style>\n\t<\/div>\n\t\n\n\t<div id=\"text-30204226\" class=\"text\">\n\t\t\n\n<h2><strong><span style=\"color: #7fbb27;\">Adresse<\/span><\/strong><\/h2>\n\t\t\n<style>\n#text-30204226 {\n  font-size: 1.75rem;\n  text-align: center;\n}\n@media (min-width:550px) {\n  #text-30204226 {\n    font-size: 1rem;\n  }\n}\n@media (min-width:850px) {\n  #text-30204226 {\n    font-size: 1.25rem;\n  }\n}\n<\/style>\n\t<\/div>\n\t\n\t<div id=\"text-1794232040\" class=\"text\">\n\t\t\n\n<p>2 rue de l\u2019\u00c9pine, 59650 Villeneuve d\u2019Ascq, France<\/p>\n\t\t\n<style>\n#text-1794232040 {\n  font-size: 1rem;\n  text-align: center;\n  color: #2b6566;\n}\n#text-1794232040 > * {\n  color: #2b6566;\n}\n@media (min-width:550px) {\n  #text-1794232040 {\n    font-size: 0.9rem;\n  }\n}\n@media (min-width:850px) {\n  #text-1794232040 {\n    font-size: 1rem;\n  }\n}\n<\/style>\n\t<\/div>\n\t\n\n\t\t<\/div>\n\t\t\t\t\n<style>\n#col-1973517440 > .col-inner {\n  padding: 50px 50px 71px 50px;\n}\n@media (min-width:550px) {\n  #col-1973517440 > .col-inner {\n    padding: 10px 10px 10px 11px;\n  }\n}\n@media (min-width:850px) {\n  #col-1973517440 > .col-inner {\n    padding: 10% 10% 10% 10%;\n  }\n}\n<\/style>\n\t<\/div>\n\n\t\n\n\t<div id=\"col-1876401727\" class=\"col medium-4 small-12 large-4\"  data-animate=\"flipInY\">\n\t\t\t\t<div class=\"col-inner text-center\" style=\"background-color:rgb(255,255,255);\" >\n\t\t\t\n\t\t\t\n\n\t<div id=\"gap-1595895184\" class=\"gap-element clearfix\" style=\"display:block; height:auto;\">\n\t\t\n<style>\n#gap-1595895184 {\n  padding-top: 25px;\n}\n<\/style>\n\t<\/div>\n\t\n\n\t<div class=\"img has-hover x md-x lg-x y md-y lg-y\" id=\"image_1118140228\">\n\t\t<a class=\"\" href=\"tel:0762171490\" >\t\t\t\t\t\t<div class=\"img-inner dark\" >\n\t\t\t\t\t\t\t\t\t\n\t\t\t\t\t<\/div>\n\t\t\t\t\t\t<\/a>\t\t\n<style>\n#image_1118140228 {\n  width: 23%;\n}\n@media (min-width:550px) {\n  #image_1118140228 {\n    width: 15%;\n  }\n}\n@media (min-width:850px) {\n  #image_1118140228 {\n    width: 23%;\n  }\n}\n<\/style>\n\t<\/div>\n\t\n\n\t<div id=\"text-3639221799\" class=\"text\">\n\t\t\n\n<h2><span style=\"color: #7fbb27;\"><strong>T\u00e9l\u00e9phone<\/strong><\/span><\/h2>\n\t\t\n<style>\n#text-3639221799 {\n  font-size: 1.75rem;\n  text-align: center;\n}\n@media (min-width:550px) {\n  #text-3639221799 {\n    font-size: 1rem;\n  }\n}\n@media (min-width:850px) {\n  #text-3639221799 {\n    font-size: 1.25rem;\n  }\n}\n<\/style>\n\t<\/div>\n\t\n\t<div id=\"text-3226663907\" class=\"text\">\n\t\t\n\n<p>Tel: +33 (0) 7 62 17 14 90\u00a0<\/p>\n\t\t\n<style>\n#text-3226663907 {\n  font-size: 1rem;\n  text-align: center;\n  color: #2b6566;\n}\n#text-3226663907 > * {\n  color: #2b6566;\n}\n@media (min-width:550px) {\n  #text-3226663907 {\n    font-size: 0.9rem;\n  }\n}\n@media (min-width:850px) {\n  #text-3226663907 {\n    font-size: 1rem;\n  }\n}\n<\/style>\n\t<\/div>\n\t\n\n\t\t<\/div>\n\t\t\t\t\n<style>\n#col-1876401727 > .col-inner {\n  padding: 50px 50px 71px 50px;\n}\n@media (min-width:550px) {\n  #col-1876401727 > .col-inner {\n    padding: 10px 10px 10px 11px;\n  }\n}\n@media (min-width:850px) {\n  #col-1876401727 > .col-inner {\n    padding: 10% 10% 10% 10%;\n  }\n}\n<\/style>\n\t<\/div>\n\n\t\n\n\t<div id=\"col-1686279886\" class=\"col medium-4 small-12 large-4\"  data-animate=\"flipInY\">\n\t\t\t\t<div class=\"col-inner text-center\" style=\"background-color:rgb(255,255,255);\" >\n\t\t\t\n\t\t\t\n\n\t<div id=\"gap-773371170\" class=\"gap-element clearfix\" style=\"display:block; height:auto;\">\n\t\t\n<style>\n#gap-773371170 {\n  padding-top: 25px;\n}\n<\/style>\n\t<\/div>\n\t\n\n\t<div class=\"img has-hover x md-x lg-x y md-y lg-y\" id=\"image_315387149\">\n\t\t<a class=\"\" href=\"mailto:bet@innova-thermic.com\" >\t\t\t\t\t\t<div class=\"img-inner dark\" >\n\t\t\t\t\t\t\t\t\t\n\t\t\t\t\t<\/div>\n\t\t\t\t\t\t<\/a>\t\t\n<style>\n#image_315387149 {\n  width: 23%;\n}\n@media (min-width:550px) {\n  #image_315387149 {\n    width: 15%;\n  }\n}\n@media (min-width:850px) {\n  #image_315387149 {\n    width: 23%;\n  }\n}\n<\/style>\n\t<\/div>\n\t\n\n\t<div id=\"text-1922617017\" class=\"text\">\n\t\t\n\n<h2><strong><span style=\"color: #7fbb27;\">Email<\/span><\/strong><\/h2>\n\t\t\n<style>\n#text-1922617017 {\n  font-size: 1.75rem;\n  text-align: center;\n}\n@media (min-width:550px) {\n  #text-1922617017 {\n    font-size: 1rem;\n  }\n}\n@media (min-width:850px) {\n  #text-1922617017 {\n    font-size: 1.25rem;\n  }\n}\n<\/style>\n\t<\/div>\n\t\n\t<div id=\"text-3242604497\" class=\"text\">\n\t\t\n\n<p><a href=\"mailto:bet@innova-thermic.com\" data-wplink-edit=\"true\">bet@innova-thermic.com<\/a><\/p>\n\t\t\n<style>\n#text-3242604497 {\n  font-size: 1rem;\n  text-align: center;\n  color: #2b6566;\n}\n#text-3242604497 > * {\n  color: #2b6566;\n}\n@media (min-width:550px) {\n  #text-3242604497 {\n    font-size: 0.9rem;\n  }\n}\n@media (min-width:850px) {\n  #text-3242604497 {\n    font-size: 1rem;\n  }\n}\n<\/style>\n\t<\/div>\n\t\n\n\t\t<\/div>\n\t\t\t\t\n<style>\n#col-1686279886 > .col-inner {\n  padding: 50px 50px 71px 50px;\n}\n@media (min-width:550px) {\n  #col-1686279886 > .col-inner {\n    padding: 10px 10px 10px 11px;\n  }\n}\n@media (min-width:850px) {\n  #col-1686279886 > .col-inner {\n    padding: 10% 10% 10% 10%;\n  }\n}\n<\/style>\n\t<\/div>\n\n\t\n\n\n<style>\n#row-283168563 > .col > .col-inner {\n  background-color: rgb(238, 238, 238);\n  border-radius: 18px;\n}\n<\/style>\n<\/div>\n\n\t\t<\/div>\n\n\t\t\n<style>\n#section_432849018 {\n  padding-top: 30px;\n  padding-bottom: 30px;\n}\n#section_432849018 .ux-shape-divider--top svg {\n  height: 400px;\n  --divider-top-width: 100%;\n}\n<\/style>\n\t<\/section>\n\t\n<div class=\"row row-box-shadow-3\"  id=\"row-731443938\">\n\n\n\t<div id=\"col-385434704\" class=\"col small-12 large-12\"  data-animate=\"fadeInUp\">\n\t\t\t\t<div class=\"col-inner text-left\" style=\"background-color:rgb(255,255,255);\" >\n\t\t\t\n\t\t\t\n\n\n\n<div class=\"frm_forms  with_frm_style frm_style_style-formidable\" id=\"frm_form_3_container\" data-token=\"edce10ea8ac188a3fea288f027a0a691\">\n<form enctype=\"multipart\/form-data\" method=\"post\" class=\"frm-show-form \" id=\"form_contact\" data-token=\"edce10ea8ac188a3fea288f027a0a691\">\n<div class=\"frm_form_fields \">\n<fieldset>\n<legend class=\"frm_screen_reader\">Contact<\/legend>\n\n<div class=\"frm_fields_container\">\n<input type=\"hidden\" name=\"frm_action\" value=\"create\" \/>\n<input type=\"hidden\" name=\"form_id\" value=\"3\" \/>\n<input type=\"hidden\" name=\"frm_hide_fields_3\" id=\"frm_hide_fields_3\" value=\"\" \/>\n<input type=\"hidden\" name=\"form_key\" value=\"contact\" \/>\n<input type=\"hidden\" name=\"item_meta[0]\" value=\"\" \/>\n<input type=\"hidden\" id=\"frm_submit_entry_3\" name=\"frm_submit_entry_3\" value=\"71fcb5aa7a\" \/><input type=\"hidden\" name=\"_wp_http_referer\" value=\"\/Old\/wp-json\/wp\/v2\/pages\/56\" \/><div id=\"frm_field_10_container\" class=\"frm_form_field form-field  frm_required_field frm_top_container\">\n\t<label for=\"field_3brn9\" id=\"field_3brn9_label\" class=\"frm_primary_label\">Email\n\t\t<span class=\"frm_required\" aria-hidden=\"true\">*<\/span>\n\t<\/label>\n\t<input type=\"email\" id=\"field_3brn9\" name=\"item_meta[10]\" value=\"\"  data-reqmsg=\"Email ne peut pas \u00eatre vide.\" aria-required=\"true\" data-invmsg=\"Email est non valide\" aria-invalid=\"false\"  \/>\n\t\n\t\n<\/div>\n<div id=\"frm_field_12_container\" class=\"frm_form_field form-field  frm_required_field frm_top_container frm12 frm_first\">\n\t<div  id=\"field_52ogd_label\" class=\"frm_primary_label\">Nom\n\t\t<span class=\"frm_required\" aria-hidden=\"true\">*<\/span>\n\t<\/div>\n\t<fieldset aria-labelledby=\"field_52ogd_label\">\n\t<legend class=\"frm_screen_reader frm_hidden\">\n\t\tNom\t<\/legend>\n\n\t<div  class=\"frm_combo_inputs_container\" id=\"frm_combo_inputs_container_12\" data-name-layout=\"first_last\">\n\t\t\t\t\t<div\n\t\t\t\tid=\"frm_field_12-first_container\"\n\t\t\t\tclass=\"frm_form_field form-field frm_form_subfield-first  frm6\"\n\t\t\t\tdata-sub-field-name=\"first\"\n\t\t\t>\n\t\t\t\t<label for=\"field_52ogd_first\" class=\"frm_screen_reader frm_hidden\">\n\t\t\t\t\tPr\u00e9nom\t\t\t\t<\/label>\n\n\t\t\t\t<input  type=\"text\" id=\"field_52ogd_first\" value=\"\" name=\"item_meta[12][first]\" autocomplete=\"given-name\" data-reqmsg=\"Nom ne peut pas \u00eatre vide.\" aria-required=\"true\" data-invmsg=\"Nom est non valide\" aria-invalid=\"false\"  \/><div class=\"frm_description\" id=\"frm_field_12_first_desc\">Pr\u00e9nom<\/div>\t\t\t<\/div>\n\t\t\t\t\t\t<div\n\t\t\t\tid=\"frm_field_12-last_container\"\n\t\t\t\tclass=\"frm_form_field form-field frm_form_subfield-last  frm6\"\n\t\t\t\tdata-sub-field-name=\"last\"\n\t\t\t>\n\t\t\t\t<label for=\"field_52ogd_last\" class=\"frm_screen_reader frm_hidden\">\n\t\t\t\t\tNom\t\t\t\t<\/label>\n\n\t\t\t\t<input  type=\"text\" id=\"field_52ogd_last\" value=\"\" name=\"item_meta[12][last]\" autocomplete=\"family-name\" data-reqmsg=\"Nom ne peut pas \u00eatre vide.\" aria-required=\"true\" data-invmsg=\"Nom est non valide\" aria-invalid=\"false\"  \/><div class=\"frm_description\" id=\"frm_field_12_last_desc\">Nom<\/div>\t\t\t<\/div>\n\t\t\t\t<\/div>\n<\/fieldset>\n\n\t\n\t\n<\/div>\n<div id=\"frm_field_15_container\" class=\"frm_form_field form-field  frm_top_container\">\n\t<label for=\"field_t3lb\" id=\"field_t3lb_label\" class=\"frm_primary_label\">T\u00e9l\u00e9phone\n\t\t<span class=\"frm_required\" aria-hidden=\"true\"><\/span>\n\t<\/label>\n\t<input type=\"tel\" id=\"field_t3lb\" name=\"item_meta[15]\" value=\"\"  data-invmsg=\"T\u00e9l\u00e9phone est non valide\" aria-invalid=\"false\" pattern=\"((\\+\\d{1,3}(-|.| )?\\(?\\d\\)?(-| |.)?\\d{1,5})|(\\(?\\d{2,6}\\)?))(-|.| )?(\\d{3,4})(-|.| )?(\\d{4})(( x| ext)\\d{1,5}){0,1}$\"  \/>\n\t\n\t\n<\/div>\n<div id=\"frm_field_13_container\" class=\"frm_form_field form-field  frm_required_field frm_top_container\">\n\t<label for=\"field_16tx8\" id=\"field_16tx8_label\" class=\"frm_primary_label\">Paragraphe\n\t\t<span class=\"frm_required\" aria-hidden=\"true\">*<\/span>\n\t<\/label>\n\t<textarea name=\"item_meta[13]\" id=\"field_16tx8\" rows=\"5\"  data-reqmsg=\"Paragraphe ne peut pas \u00eatre vide.\" aria-required=\"true\" data-invmsg=\"Paragraphe est non valide\" aria-invalid=\"false\"  ><\/textarea>\n\t\n\t\n<\/div>\n<div id=\"frm_field_158_container\" class=\"frm_form_field form-field  frm_none_container\">\n\t<label for=\"g-recaptcha-response\" id=\"field_qzw5o_label\" class=\"frm_primary_label\">Captcha\n\t\t<span class=\"frm_required\" aria-hidden=\"true\"><\/span>\n\t<\/label>\n\t<div  id=\"field_qzw5o\" class=\"frm-g-recaptcha\" data-sitekey=\"6LfVppkqAAAAAMpovEPrdouAgKw_gBc3sIpZ8PuB\" data-size=\"invisible\" data-theme=\"light\"><\/div>\n\t\n\t\n<\/div>\n<div id=\"frm_field_7_container\" class=\"frm_form_field form-field \">\n\t<div class=\"frm_submit frm_flex\">\n<button class=\"frm_button_submit\" type=\"submit\"  >Envoyer<\/button>\n\n\n\n<\/div>\n<\/div>\n\t<input type=\"hidden\" name=\"item_key\" value=\"\" \/>\n\t\t\t<div id=\"frm_field_160_container\">\n\t\t\t<label for=\"field_vygnu\" >\n\t\t\t\tSi vous \u00eates un humain, ne remplissez pas ce champ.\t\t\t<\/label>\n\t\t\t<input  id=\"field_vygnu\" type=\"text\" class=\"frm_form_field form-field frm_verify\" name=\"item_meta[160]\" value=\"\"  \/>\n\t\t<\/div>\n\t\t<input name=\"frm_state\" type=\"hidden\" value=\"Z6dXq7PElV6k3DkVwXLbZsNZemxJVUO1tSVDu1c7+aQ=\" \/><\/div>\n<\/fieldset>\n<\/div>\n\n<p style=\"display: none !important;\" class=\"akismet-fields-container\" data-prefix=\"ak_\"><label>&#916;<textarea name=\"ak_hp_textarea\" cols=\"45\" rows=\"8\" maxlength=\"100\"><\/textarea><\/label><input type=\"hidden\" id=\"ak_js_1\" name=\"ak_js\" value=\"63\"\/><script type=\"text\/javascript\">\n\/* <![CDATA[ *\/\ndocument.getElementById( \"ak_js_1\" ).setAttribute( \"value\", ( new Date() ).getTime() );\n\/* ]]> *\/\n<\/script>\n<\/p><\/form>\n<\/div>\n\n\n\n\t\t<\/div>\n\t\t\t\t\n<style>\n#col-385434704 > .col-inner {\n  padding: 20px 20px 20px 20px;\n  border-radius: 20px;\n}\n<\/style>\n\t<\/div>\n\n\t\n\n\n<style>\n#row-731443938 > .col > .col-inner {\n  border-radius: 19px;\n}\n<\/style>\n<\/div>\n<div class=\"row\"  id=\"row-1337239938\">\n\n\n\t<div id=\"col-685817068\" class=\"col small-12 large-12\"  data-animate=\"fadeInUp\">\n\t\t\t\t<div class=\"col-inner box-shadow-4 box-shadow-1-hover\" style=\"background-color:rgb(255,255,255);\" >\n\t\t\t\n\t\t\t\n\n<h2><strong><span style=\"color: #7fbb27;\">\u00catre rappel\u00e9 par un expert en thermique<\/span><\/strong><\/h2>\n<div class=\"clearboth\">\n<p data-start=\"124\" data-end=\"407\">Besoin de conseils pour votre projet de construction, de r\u00e9novation ou d\u2019optimisation \u00e9nerg\u00e9tique ?<br data-start=\"223\" data-end=\"226\" \/>Demandez un <strong data-start=\"238\" data-end=\"256\">rappel gratuit<\/strong> par l\u2019un de nos <strong data-start=\"273\" data-end=\"298\">thermiciens qualifi\u00e9s<\/strong> : il vous recontactera rapidement pour vous accompagner, vous conseiller et r\u00e9pondre \u00e0 toutes vos questions.<\/p>\n<p data-start=\"409\" data-end=\"481\">\u2705 Service personnalis\u00e9<\/p>\n<p data-start=\"409\" data-end=\"481\">\u2705 \u00c9change rapide<\/p>\n<p data-start=\"409\" data-end=\"481\">\u2705 Expertise thermique RE2020<\/p>\n<p data-start=\"483\" data-end=\"559\"><strong data-start=\"483\" data-end=\"559\">Cliquez sur le bouton ci-dessous pour \u00eatre rappel\u00e9 par notre \u00e9quipe :<\/strong><\/p>\n<\/div>\n<a href=\"https:\/\/www.innova-thermic.com\/demande-de-rappel\/\" class=\"button primary\"  >\n\t<i class=\"icon-phone\" aria-hidden=\"true\" ><\/i>\t<span>\u00catre rappel\u00e9 par Innova thermic<\/span>\n\t<\/a>\n\n\n\n\t\t<\/div>\n\t\t\t\t\n<style>\n#col-685817068 > .col-inner {\n  padding: 33px 30px 30px 30px;\n  border-radius: 32px;\n}\n<\/style>\n\t<\/div>\n\n\t\n\n<\/div>\n\n\t<section class=\"section\" id=\"section_451804088\">\n\t\t<div class=\"section-bg fill\" >\n\t\t\t\t\t\t\t\t\t\n\t\t\t\n\n\t\t<\/div>\n\n\t\t\n\n\t\t<div class=\"section-content relative\">\n\t\t\t\n\n<div class=\"row row-collapse row-full-width\"  id=\"row-1296474054\">\n\n\n\t<div id=\"col-613070129\" class=\"col small-12 large-12\"  >\n\t\t\t\t<div class=\"col-inner\"  >\n\t\t\t\n\t\t\t\n\n\n\n<iframe src=\"https:\/\/www.google.com\/maps\/embed?pb=!1m18!1m12!1m3!1d10129.446591633892!2d3.12005993239236!3d50.60181716197866!2m3!1f0!2f0!3f0!3m2!1i1024!2i768!4f13.1!3m3!1m2!1s0x47c2d73ba91ea19b%3A0xd8f223a6ec0e8240!2s2%20Rue%20de%20l&#39;%C3%89pine%2C%2059650%20Villeneuve-d&#39;Ascq%2C%20France!5e0!3m2!1sfr!2sma!4v1732779665686!5m2!1sfr!2sma\" width=\"1980\" height=\"500\" style=\"border:0;\" allowfullscreen=\"\" loading=\"lazy\" referrerpolicy=\"no-referrer-when-downgrade\"><\/iframe>\n\n\n\t\t<\/div>\n\t\t\t\t\t<\/div>\n\n\t\n\n<\/div>\n\n\t\t<\/div>\n\n\t\t\n<style>\n#section_451804088 {\n  padding-top: 30px;\n  padding-bottom: 30px;\n}\n<\/style>\n\t<\/section>\n\t\n\n","protected":false},"excerpt":{"rendered":"","protected":false},"author":1,"featured_media":0,"parent":0,"menu_order":0,"comment_status":"closed","ping_status":"closed","template":"page-blank.php","meta":{"_acf_changed":false,"footnotes":""},"class_list":["post-56","page","type-page","status-publish","hentry"],"acf":[],"jetpack_sharing_enabled":true,"_links":{"self":[{"href":"https:\/\/www.innova-thermic.com\/Old\/wp-json\/wp\/v2\/pages\/56","targetHints":{"allow":["GET"]}}],"collection":[{"href":"https:\/\/www.innova-thermic.com\/Old\/wp-json\/wp\/v2\/pages"}],"about":[{"href":"https:\/\/www.innova-thermic.com\/Old\/wp-json\/wp\/v2\/types\/page"}],"author":[{"embeddable":true,"href":"https:\/\/www.innova-thermic.com\/Old\/wp-json\/wp\/v2\/users\/1"}],"replies":[{"embeddable":true,"href":"https:\/\/www.innova-thermic.com\/Old\/wp-json\/wp\/v2\/comments?post=56"}],"version-history":[{"count":1,"href":"https:\/\/www.innova-thermic.com\/Old\/wp-json\/wp\/v2\/pages\/56\/revisions"}],"predecessor-version":[{"id":5269,"href":"https:\/\/www.innova-thermic.com\/Old\/wp-json\/wp\/v2\/pages\/56\/revisions\/5269"}],"wp:attachment":[{"href":"https:\/\/www.innova-thermic.com\/Old\/wp-json\/wp\/v2\/media?parent=56"}],"curies":[{"name":"wp","href":"https:\/\/api.w.org\/{rel}","templated":true}]}}