{"id":381,"date":"2024-11-12T20:28:30","date_gmt":"2024-11-12T20:28:30","guid":{"rendered":"https:\/\/www.tadelakt-art-deco.web-linecreator.fr\/?post_type=product&#038;p=381"},"modified":"2026-02-12T14:51:41","modified_gmt":"2026-02-12T13:51:41","slug":"etude-complete-extension","status":"publish","type":"product","link":"https:\/\/www.innova-thermic.com\/Old\/produit\/etude-complete-extension\/","title":{"rendered":"\u00c9tude compl\u00e8te Extension\u00a0 (avec \u00e9tude environnementale)"},"content":{"rendered":"<div class=\"elementor-element elementor-element-4512fe6 elementor-widget__width-inherit elementor-widget elementor-widget-heading\" data-id=\"4512fe6\" data-element_type=\"widget\" data-widget_type=\"heading.default\">\n<div class=\"elementor-widget-container\">\n<p class=\"\" data-start=\"191\" data-end=\"283\"><strong data-start=\"191\" data-end=\"256\">Extension de maison individuelle entre 50 et 80 m\u00b2 habitables<\/strong><\/p>\n<p class=\"\" data-start=\"191\" data-end=\"283\"><br data-start=\"256\" data-end=\"259\" \/>\ud83d\udcb0 <strong data-start=\"262\" data-end=\"283\">Tarif : 599 \u20ac TTC<\/strong><\/p>\n<p class=\"\" data-start=\"285\" data-end=\"427\">Pour votre projet d\u2019extension, nous r\u00e9alisons une <strong data-start=\"335\" data-end=\"353\">\u00e9tude compl\u00e8te<\/strong> conforme \u00e0 la RE2020, int\u00e9grant les volets thermique et environnemental :<\/p>\n<p class=\"\" data-start=\"429\" data-end=\"614\">\u2714 <strong data-start=\"431\" data-end=\"461\">Attestation RE2020 incluse<\/strong><br data-start=\"461\" data-end=\"464\" \/>Calcul des indicateurs r\u00e9glementaires <strong data-start=\"502\" data-end=\"510\">Bbio<\/strong> (besoin bioclimatique) et <strong data-start=\"537\" data-end=\"543\">DH<\/strong> (confort d\u2019\u00e9t\u00e9), indispensables pour le d\u00e9p\u00f4t du permis de construire.<\/p>\n<p class=\"\" data-start=\"616\" data-end=\"800\">\u2714 <strong data-start=\"618\" data-end=\"659\">Analyse du cycle de vie des mat\u00e9riaux<\/strong><br data-start=\"659\" data-end=\"662\" \/>\u00c9valuation de l\u2019impact environnemental de votre projet \u00e0 travers l\u2019indicateur <strong data-start=\"740\" data-end=\"759\">Ic Construction<\/strong>, obligatoire dans le cadre de la RE2020.<\/p>\n<p class=\"\" data-start=\"802\" data-end=\"954\">\u2714 <strong data-start=\"804\" data-end=\"833\">Accompagnement sur mesure<\/strong><br data-start=\"833\" data-end=\"836\" \/>Nos experts vous conseillent pour garantir la conformit\u00e9 r\u00e9glementaire et optimiser la performance de votre extension.<\/p>\n<p class=\"\" data-start=\"956\" data-end=\"1095\">\u2714 <strong data-start=\"958\" data-end=\"988\">\u00c9tude certifi\u00e9e et assur\u00e9e<\/strong><br data-start=\"988\" data-end=\"991\" \/>R\u00e9alisation par un bureau d\u2019\u00e9tude couvert par une <strong data-start=\"1041\" data-end=\"1064\">assurance d\u00e9cennale<\/strong> et une <strong data-start=\"1072\" data-end=\"1094\">RC professionnelle<\/strong>.<\/p>\n<\/div>\n<\/div>\n","protected":false},"excerpt":{"rendered":"<p class=\"elementor-heading-title elementor-size-default\">\u00c9tude RE2020 compl\u00e8te Extension<\/p>\n<p>\u00c9tablissement de l\u2019attestation RE2020 (Calcul du Bbio et DH) \/ Etude d\u2019analyse de cycle de vie concernant les mat\u00e9riaux utilis\u00e9s (Ic construction). &#8211; Conseils d\u00e9livr\u00e9s par nos experts \/ \u00c9tude certifi\u00e9e (RC pro et d\u00e9cennale)<\/p>\n","protected":false},"featured_media":5045,"comment_status":"closed","ping_status":"closed","template":"","meta":{"_acf_changed":false},"product_brand":[],"product_cat":[54],"product_tag":[],"class_list":{"0":"post-381","1":"product","2":"type-product","3":"status-publish","4":"has-post-thumbnail","6":"product_cat-etude","8":"first","9":"instock","10":"virtual","11":"sold-individually","12":"taxable","13":"purchasable","14":"product-type-simple"},"acf":[],"jetpack_sharing_enabled":true,"_links":{"self":[{"href":"https:\/\/www.innova-thermic.com\/Old\/wp-json\/wp\/v2\/product\/381","targetHints":{"allow":["GET"]}}],"collection":[{"href":"https:\/\/www.innova-thermic.com\/Old\/wp-json\/wp\/v2\/product"}],"about":[{"href":"https:\/\/www.innova-thermic.com\/Old\/wp-json\/wp\/v2\/types\/product"}],"replies":[{"embeddable":true,"href":"https:\/\/www.innova-thermic.com\/Old\/wp-json\/wp\/v2\/comments?post=381"}],"wp:featuredmedia":[{"embeddable":true,"href":"https:\/\/www.innova-thermic.com\/Old\/wp-json\/wp\/v2\/media\/5045"}],"wp:attachment":[{"href":"https:\/\/www.innova-thermic.com\/Old\/wp-json\/wp\/v2\/media?parent=381"}],"wp:term":[{"taxonomy":"product_brand","embeddable":true,"href":"https:\/\/www.innova-thermic.com\/Old\/wp-json\/wp\/v2\/product_brand?post=381"},{"taxonomy":"product_cat","embeddable":true,"href":"https:\/\/www.innova-thermic.com\/Old\/wp-json\/wp\/v2\/product_cat?post=381"},{"taxonomy":"product_tag","embeddable":true,"href":"https:\/\/www.innova-thermic.com\/Old\/wp-json\/wp\/v2\/product_tag?post=381"}],"curies":[{"name":"wp","href":"https:\/\/api.w.org\/{rel}","templated":true}]}}