{"id":384,"date":"2024-11-12T20:31:46","date_gmt":"2024-11-12T20:31:46","guid":{"rendered":"https:\/\/www.tadelakt-art-deco.web-linecreator.fr\/?post_type=product&#038;p=384"},"modified":"2026-02-12T14:51:40","modified_gmt":"2026-02-12T13:51:40","slug":"etude-serenite-permis-re2020","status":"publish","type":"product","link":"https:\/\/www.innova-thermic.com\/Old\/produit\/etude-serenite-permis-re2020\/","title":{"rendered":"\u00c9tude s\u00e9r\u00e9nit\u00e9 permis RE2020 (sans \u00e9tude environnementale)"},"content":{"rendered":"<h2 data-start=\"185\" data-end=\"277\"><span style=\"font-size: 75%;\">\u00c9tude s\u00e9r\u00e9nit\u00e9 permis RE2020<\/span><\/h2>\n<p class=\"\" data-start=\"185\" data-end=\"277\"><strong data-start=\"185\" data-end=\"250\">Maison individuelle ou extension entre 50 et 80 m\u00b2 habitables<\/strong><\/p>\n<p class=\"\" data-start=\"185\" data-end=\"277\"><br data-start=\"250\" data-end=\"253\" \/><strong data-start=\"256\" data-end=\"277\">Tarif : 289 \u20ac TTC<\/strong><\/p>\n<p class=\"\" data-start=\"279\" data-end=\"417\">Nous vous accompagnons pour la partie thermique de votre dossier de permis de construire, avec un service fiable et conforme \u00e0 la RE2020 :<\/p>\n<p class=\"\" data-start=\"419\" data-end=\"563\">\u2714 <strong data-start=\"421\" data-end=\"451\">Attestation RE2020 incluse<\/strong><br data-start=\"451\" data-end=\"454\" \/>Calcul des indicateurs <strong data-start=\"477\" data-end=\"485\">Bbio<\/strong> (besoin bioclimatique) et <strong data-start=\"512\" data-end=\"518\">DH<\/strong> (confort d\u2019\u00e9t\u00e9), exig\u00e9s lors du d\u00e9p\u00f4t du PC.<\/p>\n<p class=\"\" data-start=\"565\" data-end=\"818\"><strong data-start=\"568\" data-end=\"581\">\u00c0 noter :<\/strong><br data-start=\"581\" data-end=\"584\" \/>Une <strong data-start=\"588\" data-end=\"611\">\u00e9tude carbone (ACV)<\/strong> devra \u00eatre r\u00e9alis\u00e9e <strong data-start=\"632\" data-end=\"663\">apr\u00e8s l\u2019obtention du permis<\/strong>.<br data-start=\"664\" data-end=\"667\" \/>Si votre projet concerne une <strong data-start=\"696\" data-end=\"719\">maison individuelle<\/strong>, une <strong data-start=\"725\" data-end=\"765\">\u00e9tude des consommations \u00e9nerg\u00e9tiques<\/strong> devra \u00e9galement \u00eatre ajout\u00e9e (chauffage, ECS, etc.).<\/p>\n<p class=\"\" data-start=\"820\" data-end=\"932\">\u2714 <strong data-start=\"822\" data-end=\"848\">Conseils personnalis\u00e9s<\/strong><br data-start=\"848\" data-end=\"851\" \/>Nos experts vous orientent pour garantir la conformit\u00e9 et optimiser votre projet.<\/p>\n<p class=\"\" data-start=\"934\" data-end=\"1058\">\u2714 <strong data-start=\"936\" data-end=\"966\">\u00c9tude certifi\u00e9e et assur\u00e9e<\/strong><br data-start=\"966\" data-end=\"969\" \/>R\u00e9alis\u00e9e par un bureau d\u2019\u00e9tude couvert par une <strong data-start=\"1016\" data-end=\"1026\">RC pro<\/strong> et une <strong data-start=\"1034\" data-end=\"1057\">assurance d\u00e9cennale<\/strong><\/p>\n","protected":false},"excerpt":{"rendered":"<p>\u00c9tude s\u00e9r\u00e9nit\u00e9 : D\u00e9p\u00f4t du permis de construire pour une maison individuelle ou extension pour une surface comprise entre 50 et 80 m\u00b2 (Surface habitable)<\/p>\n","protected":false},"featured_media":5046,"comment_status":"closed","ping_status":"closed","template":"","meta":{"_acf_changed":false},"product_brand":[],"product_cat":[54],"product_tag":[],"class_list":{"0":"post-384","1":"product","2":"type-product","3":"status-publish","4":"has-post-thumbnail","6":"product_cat-etude","8":"first","9":"instock","10":"virtual","11":"sold-individually","12":"taxable","13":"purchasable","14":"product-type-simple"},"acf":[],"jetpack_sharing_enabled":true,"_links":{"self":[{"href":"https:\/\/www.innova-thermic.com\/Old\/wp-json\/wp\/v2\/product\/384","targetHints":{"allow":["GET"]}}],"collection":[{"href":"https:\/\/www.innova-thermic.com\/Old\/wp-json\/wp\/v2\/product"}],"about":[{"href":"https:\/\/www.innova-thermic.com\/Old\/wp-json\/wp\/v2\/types\/product"}],"replies":[{"embeddable":true,"href":"https:\/\/www.innova-thermic.com\/Old\/wp-json\/wp\/v2\/comments?post=384"}],"wp:featuredmedia":[{"embeddable":true,"href":"https:\/\/www.innova-thermic.com\/Old\/wp-json\/wp\/v2\/media\/5046"}],"wp:attachment":[{"href":"https:\/\/www.innova-thermic.com\/Old\/wp-json\/wp\/v2\/media?parent=384"}],"wp:term":[{"taxonomy":"product_brand","embeddable":true,"href":"https:\/\/www.innova-thermic.com\/Old\/wp-json\/wp\/v2\/product_brand?post=384"},{"taxonomy":"product_cat","embeddable":true,"href":"https:\/\/www.innova-thermic.com\/Old\/wp-json\/wp\/v2\/product_cat?post=384"},{"taxonomy":"product_tag","embeddable":true,"href":"https:\/\/www.innova-thermic.com\/Old\/wp-json\/wp\/v2\/product_tag?post=384"}],"curies":[{"name":"wp","href":"https:\/\/api.w.org\/{rel}","templated":true}]}}